{"id":1360,"date":"2024-11-12T12:44:28","date_gmt":"2024-11-12T12:44:28","guid":{"rendered":"https:\/\/fspturkey.com\/urun\/fsp-nb-c-65w-type-c-adaptor\/"},"modified":"2024-11-25T13:38:54","modified_gmt":"2024-11-25T13:38:54","slug":"fsp-nb-c-65w-type-c-adaptor","status":"publish","type":"product","link":"https:\/\/fspturkey.com\/en\/product\/fsp-nb-c-65w-type-c-adaptor\/","title":{"rendered":"FSP NB C 65W TYPE C ADAPT\u00d6R"},"content":{"rendered":"<p><p align=\"center\"><strong><font face=\"Gotham\">FSP NB C 65W TYPE-C ADAPT\u00d6R<\/font><\/strong><\/p><br \/>\n<p align=\"center\"><font face=\"Gotham\">\u00c7o\u011fu USB Type-C destekli cihazla uyumludur.<\/font><\/p><br \/>\n<p align=\"center\"><font face=\"Gotham\">5V, 9V, 12V, 15V veya 20V&#8217;yi otomatik olarak alg\u0131lar ve iletir.<\/font><\/p><br \/>\n<p align=\"center\"><font face=\"Gotham\">Performans\u0131 optimize etmek i\u00e7in y\u00fcksek g\u00fc\u00e7 yo\u011funlu\u011fu.<\/font><\/p><br \/>\n<p align=\"center\"><font face=\"Gotham\">20V \u00e7\u0131k\u0131\u015fta %88&#8217;den fazla y\u00fcksek g\u00fc\u00e7 verimlili\u011fi sa\u011flar.<\/font><\/p><br \/>\n<p align=\"center\"><font face=\"Gotham\">En son DOE Seviye VI ve Erp katman 2 standartlar\u0131n\u0131 kar\u015f\u0131lar.<\/font><\/p><br \/>\n<p align=\"center\"><font face=\"Gotham\">Tam koruma: SCP \/ OVP \/ OPP \/ OTP<\/font><\/p><br \/>\n<p align=\"center\"><font face=\"Gotham\">Y\u00fcks\u00fcz g\u00fc\u00e7 t\u00fcketimi 0,25W&#8217;tan azd\u0131r.<\/font><\/p><br \/>\n<p align=\"center\"><strong><font face=\"Gotham\"><\/font><\/strong>&nbsp;<\/p><br \/>\n<p align=\"center\"><strong><font face=\"Gotham\">Herhangi Bir Y\u00f6nde Kullan\u0131labilir.<\/font><\/strong><\/p><br \/>\n<p align=\"center\"><font face=\"Gotham\">Bir daha hangi yoldan ba\u011flanaca\u011f\u0131n\u0131z konusunda endi\u015felenmeyin. USB Type-C&#8217;li NB C 100, tersine \u00e7evrilebilir, b\u00f6ylece &#8220;yukar\u0131&#8221; veya &#8220;a\u015fa\u011f\u0131&#8221; karma\u015fas\u0131 ortadan kalkar ve kullan\u0131c\u0131lar onu herhangi bir y\u00f6ne takabilir.<\/font><\/p><br \/>\n<p align=\"center\"><font face=\"Gotham\"><strong>Geni\u015f Uyumluluk<\/strong><\/font><\/p><br \/>\n<p align=\"center\"><font face=\"Gotham\">\u00c7o\u011fu USB Type-C destekli cihazla uyumludur ve daha y\u00fcksek verimli \u015farj sa\u011flar.<\/font><\/p><br \/>\n<p align=\"center\"><font face=\"Gotham\"><strong>Ak\u0131ll\u0131 \u015earj Etme<\/strong><\/font><\/p><br \/>\n<p align=\"center\"><font face=\"Gotham\">Yerle\u015fik USB g\u00fc\u00e7 da\u011f\u0131t\u0131m (PD) teknolojisi, cihaz\u0131n\u0131z\u0131n ihtiya\u00e7lar\u0131na g\u00f6re 5V, 9V, 12V, 15V veya 20V&#8217;yi otomatik olarak alg\u0131lar ve sunar.<\/font><\/p><br \/>\n<p align=\"center\"><font face=\"Gotham\"><strong>Cihazlar\u0131 G\u00fcvenle G\u00fc\u00e7lendirin<\/strong><\/font><\/p><br \/>\n<p align=\"center\"><font face=\"Gotham\">K\u00fcresel g\u00fcvenlik sertifikas\u0131na sahip NB C 65, birden fazla korumayla sizi ve cihaz\u0131n\u0131z\u0131 g\u00fcvende tutan geli\u015fmi\u015f devreler sa\u011flar.<\/font><\/p><br \/>\n<p align=\"center\"><font face=\"Gotham\"><strong>Kompakt Tasar\u0131m, Seyahat \u0130\u00e7in \u0130deal boyut<\/strong><\/font><\/p><br \/>\n<p align=\"center\"><font face=\"Gotham\">Hafif, y\u00fcksek kaliteli malzeme, m\u00fckemmel seyahat arkada\u015f\u0131.<\/font><\/p><br \/>\n<p align=\"center\"><font face=\"Gotham Office\"><\/font>&nbsp;<\/p><br \/>\n<p align=\"center\"><font face=\"Gotham Office\"><\/font>&nbsp;<\/p><\/p>","protected":false},"excerpt":{"rendered":"<p>FSP NB C 65W TYPE-C ADAPT\u00d6R \u00c7o\u011fu USB Type-C destekli cihazla uyumludur. 5V, 9V, 12V, 15V veya 20V&#8217;yi otomatik olarak alg\u0131lar ve iletir. Performans\u0131 optimize etmek i\u00e7in y\u00fcksek g\u00fc\u00e7 yo\u011funlu\u011fu. 20V \u00e7\u0131k\u0131\u015fta %88&#8217;den fazla y\u00fcksek g\u00fc\u00e7 verimlili\u011fi sa\u011flar. En son DOE Seviye VI ve Erp katman 2 standartlar\u0131n\u0131 kar\u015f\u0131lar. Tam koruma: SCP \/ OVP \/ [&hellip;]<\/p>","protected":false},"featured_media":1356,"comment_status":"open","ping_status":"closed","template":"","meta":[],"product_cat":[17],"product_tag":[93],"class_list":{"0":"post-1360","1":"product","2":"type-product","3":"status-publish","4":"has-post-thumbnail","6":"product_cat-genel","7":"product_tag-fsp-nb-c-65w-type-c-adaptor","9":"first","10":"instock","11":"shipping-taxable","12":"purchasable","13":"product-type-simple"},"acf":[],"_links":{"self":[{"href":"https:\/\/fspturkey.com\/en\/wp-json\/wp\/v2\/product\/1360","targetHints":{"allow":["GET"]}}],"collection":[{"href":"https:\/\/fspturkey.com\/en\/wp-json\/wp\/v2\/product"}],"about":[{"href":"https:\/\/fspturkey.com\/en\/wp-json\/wp\/v2\/types\/product"}],"replies":[{"embeddable":true,"href":"https:\/\/fspturkey.com\/en\/wp-json\/wp\/v2\/comments?post=1360"}],"wp:featuredmedia":[{"embeddable":true,"href":"https:\/\/fspturkey.com\/en\/wp-json\/wp\/v2\/media\/1356"}],"wp:attachment":[{"href":"https:\/\/fspturkey.com\/en\/wp-json\/wp\/v2\/media?parent=1360"}],"wp:term":[{"taxonomy":"product_cat","embeddable":true,"href":"https:\/\/fspturkey.com\/en\/wp-json\/wp\/v2\/product_cat?post=1360"},{"taxonomy":"product_tag","embeddable":true,"href":"https:\/\/fspturkey.com\/en\/wp-json\/wp\/v2\/product_tag?post=1360"}],"curies":[{"name":"wp","href":"https:\/\/api.w.org\/{rel}","templated":true}]}}