{"id":1355,"date":"2024-11-12T12:44:15","date_gmt":"2024-11-12T12:44:15","guid":{"rendered":"https:\/\/fspturkey.com\/urun\/usbcube-4-adet-usb-port-1-5-metre-kablolu-usb-coklayici-beyaz\/"},"modified":"2024-11-25T13:49:05","modified_gmt":"2024-11-25T13:49:05","slug":"usbcube-4-adet-usb-port-1-5-metre-kablolu-usb-coklayici-beyaz","status":"publish","type":"product","link":"https:\/\/fspturkey.com\/en\/product\/usbcube-4-adet-usb-port-1-5-metre-kablolu-usb-coklayici-beyaz\/","title":{"rendered":"USBCUBE 4 adet Usb Port 1.5 metre Kablolu Usb \u00e7oklay\u0131c\u0131 &#8211; Beyaz"},"content":{"rendered":"<p><p>USB \u00e7\u0131k\u0131\u015f\u0131 5V 3A (her biri 3A Maks) Fi\u015f tipi Tip C Kablo uzunlu\u011fu 1,5m Kablo kal\u0131nl\u0131\u011f\u0131 2&#215;0,5mm\u00b2 G\u00fc\u00e7 giri\u015fi 100-240V~ 50\/60Hz 0,4A G\u00fcvenlik \u00f6nlemleri K\u0131sa devre koruma, a\u015f\u0131r\u0131 ak\u0131m korumas\u0131, a\u015f\u0131r\u0131 gerilim korumas\u0131 G\u00fc\u00e7 15W <\/p><\/p>","protected":false},"excerpt":{"rendered":"<p>USB \u00e7\u0131k\u0131\u015f\u0131 5V 3A (her biri 3A Maks) Fi\u015f tipi Tip C Kablo uzunlu\u011fu 1,5m Kablo kal\u0131nl\u0131\u011f\u0131 2&#215;0,5mm\u00b2 G\u00fc\u00e7 giri\u015fi 100-240V~ 50\/60Hz 0,4A G\u00fcvenlik \u00f6nlemleri K\u0131sa devre koruma, a\u015f\u0131r\u0131 ak\u0131m korumas\u0131, a\u015f\u0131r\u0131 gerilim korumas\u0131 G\u00fc\u00e7 15W<\/p>","protected":false},"featured_media":1350,"comment_status":"open","ping_status":"closed","template":"","meta":[],"product_cat":[17],"product_tag":[35],"class_list":{"0":"post-1355","1":"product","2":"type-product","3":"status-publish","4":"has-post-thumbnail","6":"product_cat-genel","7":"product_tag-usbcube-4-adet-usb-port-1-5","9":"first","10":"instock","11":"shipping-taxable","12":"purchasable","13":"product-type-simple"},"acf":[],"_links":{"self":[{"href":"https:\/\/fspturkey.com\/en\/wp-json\/wp\/v2\/product\/1355","targetHints":{"allow":["GET"]}}],"collection":[{"href":"https:\/\/fspturkey.com\/en\/wp-json\/wp\/v2\/product"}],"about":[{"href":"https:\/\/fspturkey.com\/en\/wp-json\/wp\/v2\/types\/product"}],"replies":[{"embeddable":true,"href":"https:\/\/fspturkey.com\/en\/wp-json\/wp\/v2\/comments?post=1355"}],"wp:featuredmedia":[{"embeddable":true,"href":"https:\/\/fspturkey.com\/en\/wp-json\/wp\/v2\/media\/1350"}],"wp:attachment":[{"href":"https:\/\/fspturkey.com\/en\/wp-json\/wp\/v2\/media?parent=1355"}],"wp:term":[{"taxonomy":"product_cat","embeddable":true,"href":"https:\/\/fspturkey.com\/en\/wp-json\/wp\/v2\/product_cat?post=1355"},{"taxonomy":"product_tag","embeddable":true,"href":"https:\/\/fspturkey.com\/en\/wp-json\/wp\/v2\/product_tag?post=1355"}],"curies":[{"name":"wp","href":"https:\/\/api.w.org\/{rel}","templated":true}]}}