{"id":1349,"date":"2024-11-12T12:44:03","date_gmt":"2024-11-12T12:44:03","guid":{"rendered":"https:\/\/fspturkey.com\/urun\/aqua-elite-360-black-argb-sivi-islemci-sogutucu\/"},"modified":"2024-11-25T13:02:00","modified_gmt":"2024-11-25T13:02:00","slug":"aqua-elite-360-black-argb-sivi-islemci-sogutucu","status":"publish","type":"product","link":"https:\/\/fspturkey.com\/en\/product\/aqua-elite-360-black-argb-sivi-islemci-sogutucu\/","title":{"rendered":"Aqua Elite 360 Black ARGB S\u0131v\u0131 \u0130\u015flemci So\u011futucu"},"content":{"rendered":"<p><table id=\"body_after_script_manager_tblProperties\" class=\"table table-condensed table-striped table-bordered\" style=\"border-radius: 0px\"><br \/>\n<tbody><br \/>\n<tr><br \/>\n<td class=\"bestfit\" style=\"border-radius: 0px\">Anakart uygunlugu<\/td><br \/>\n<td style=\"border-radius: 0px\">AM4, AM5, AM3+\/AM3\/AM2+\/AM2\/FM2+\/FM2, INTEL1700, INTEL1200, INTEL1151\/50\/55\/56, INTEL1366, INTEL2011, INTEL2011-v3, INTEL2066, XEON 1366<\/td><\/tr><br \/>\n<tr><br \/>\n<td class=\"bestfit\" style=\"border-radius: 0px\">So\u011futma<\/td><br \/>\n<td style=\"border-radius: 0px\">S\u0131v\u0131 so\u011futma<\/td><\/tr><br \/>\n<tr><br \/>\n<td class=\"bestfit\" style=\"border-radius: 0px\">Fan \u00f6zellikleri<\/td><br \/>\n<td style=\"border-radius: 0px\">3 adet 120mm, , rpm, cfm, db, mm,<\/td><\/tr><\/tbody><\/table><\/p>","protected":false},"excerpt":{"rendered":"<p>Anakart uygunlugu AM4, AM5, AM3+\/AM3\/AM2+\/AM2\/FM2+\/FM2, INTEL1700, INTEL1200, INTEL1151\/50\/55\/56, INTEL1366, INTEL2011, INTEL2011-v3, INTEL2066, XEON 1366 So\u011futma S\u0131v\u0131 so\u011futma Fan \u00f6zellikleri 3 adet 120mm, , rpm, cfm, db, mm,<\/p>","protected":false},"featured_media":1343,"comment_status":"open","ping_status":"closed","template":"","meta":[],"product_cat":[17],"product_tag":[101],"class_list":{"0":"post-1349","1":"product","2":"type-product","3":"status-publish","4":"has-post-thumbnail","6":"product_cat-genel","7":"product_tag-aqua-elite-360-black-argb-s","9":"first","10":"outofstock","11":"shipping-taxable","12":"purchasable","13":"product-type-simple"},"acf":[],"_links":{"self":[{"href":"https:\/\/fspturkey.com\/en\/wp-json\/wp\/v2\/product\/1349","targetHints":{"allow":["GET"]}}],"collection":[{"href":"https:\/\/fspturkey.com\/en\/wp-json\/wp\/v2\/product"}],"about":[{"href":"https:\/\/fspturkey.com\/en\/wp-json\/wp\/v2\/types\/product"}],"replies":[{"embeddable":true,"href":"https:\/\/fspturkey.com\/en\/wp-json\/wp\/v2\/comments?post=1349"}],"wp:featuredmedia":[{"embeddable":true,"href":"https:\/\/fspturkey.com\/en\/wp-json\/wp\/v2\/media\/1343"}],"wp:attachment":[{"href":"https:\/\/fspturkey.com\/en\/wp-json\/wp\/v2\/media?parent=1349"}],"wp:term":[{"taxonomy":"product_cat","embeddable":true,"href":"https:\/\/fspturkey.com\/en\/wp-json\/wp\/v2\/product_cat?post=1349"},{"taxonomy":"product_tag","embeddable":true,"href":"https:\/\/fspturkey.com\/en\/wp-json\/wp\/v2\/product_tag?post=1349"}],"curies":[{"name":"wp","href":"https:\/\/api.w.org\/{rel}","templated":true}]}}