{"id":1342,"date":"2024-11-12T12:43:50","date_gmt":"2024-11-12T12:43:50","guid":{"rendered":"https:\/\/fspturkey.com\/urun\/champ-1k-online\/"},"modified":"2024-11-25T13:01:51","modified_gmt":"2024-11-25T13:01:51","slug":"champ-1k-online","status":"publish","type":"product","link":"https:\/\/fspturkey.com\/en\/product\/champ-1k-online\/","title":{"rendered":"CHAMP 1K ONLINE"},"content":{"rendered":"<p><p>&nbsp;&nbsp;&nbsp;&nbsp;&nbsp;&nbsp;&nbsp;&nbsp;&nbsp;&nbsp;&nbsp;&nbsp;&nbsp;&nbsp;&nbsp;&nbsp;&nbsp;&nbsp;&nbsp;&nbsp;&nbsp;&nbsp;&nbsp;&nbsp;&nbsp;&nbsp;&nbsp;&nbsp;&nbsp;&nbsp;&nbsp;&nbsp;&nbsp;&nbsp;&nbsp;&nbsp;&nbsp;&nbsp;&nbsp;&nbsp;&nbsp;&nbsp;&nbsp;&nbsp;&nbsp;&nbsp;&nbsp;&nbsp;&nbsp;&nbsp;&nbsp;&nbsp; CHAMP 1K ON -LINE UPS<\/p><br \/>\n<p>&nbsp;<span>Champ g\u00fc\u00e7 kayna\u011f\u0131, \u00fczerinde bulunan sistemlerin korunmas\u0131n\u0131 sa\u011flar ve \u015febeke enerjisinin kesilmesi durumunda sistemi bir s\u00fcre daha besler. G\u00fc\u00e7 kayna\u011f\u0131n\u0131n dikkat \u00e7eken \u00f6zelli\u011fi, \u015febeke enerjisini \u00f6ng\u00f6ren gerilim ve frekans de\u011ferlerinde sabit tutarak ayarlanm\u0131\u015f bir enerji \u00fcretimidir. 9.8 kilogram a\u011f\u0131rl\u0131\u011f\u0131nda olan bu \u00fcr\u00fcn kapsaml\u0131 ekran\u0131 ile UPS durumunun kolayl\u0131kla g\u00f6r\u00fcnt\u00fclenmesini ve eri\u015filmesini sa\u011flar. G\u00fcr\u00fclt\u00fc seviyesi 50 dB\u2019 nin alt\u0131ndad\u0131r. Bu sayede \u00e7al\u0131\u015f\u0131rken rahats\u0131zl\u0131k vermez. <\/span><\/p><br \/>\n<p>&nbsp;<\/p><\/p>","protected":false},"excerpt":{"rendered":"<p>&nbsp;&nbsp;&nbsp;&nbsp;&nbsp;&nbsp;&nbsp;&nbsp;&nbsp;&nbsp;&nbsp;&nbsp;&nbsp;&nbsp;&nbsp;&nbsp;&nbsp;&nbsp;&nbsp;&nbsp;&nbsp;&nbsp;&nbsp;&nbsp;&nbsp;&nbsp;&nbsp;&nbsp;&nbsp;&nbsp;&nbsp;&nbsp;&nbsp;&nbsp;&nbsp;&nbsp;&nbsp;&nbsp;&nbsp;&nbsp;&nbsp;&nbsp;&nbsp;&nbsp;&nbsp;&nbsp;&nbsp;&nbsp;&nbsp;&nbsp;&nbsp;&nbsp; CHAMP 1K ON -LINE UPS &nbsp;Champ g\u00fc\u00e7 kayna\u011f\u0131, \u00fczerinde bulunan sistemlerin korunmas\u0131n\u0131 sa\u011flar ve \u015febeke enerjisinin kesilmesi durumunda sistemi bir s\u00fcre daha besler. G\u00fc\u00e7 kayna\u011f\u0131n\u0131n dikkat \u00e7eken \u00f6zelli\u011fi, \u015febeke enerjisini \u00f6ng\u00f6ren gerilim ve frekans de\u011ferlerinde sabit tutarak ayarlanm\u0131\u015f bir enerji \u00fcretimidir. 9.8 kilogram a\u011f\u0131rl\u0131\u011f\u0131nda olan bu \u00fcr\u00fcn kapsaml\u0131 ekran\u0131 ile UPS durumunun kolayl\u0131kla g\u00f6r\u00fcnt\u00fclenmesini [&hellip;]<\/p>","protected":false},"featured_media":1340,"comment_status":"open","ping_status":"closed","template":"","meta":[],"product_cat":[17],"product_tag":[102],"class_list":{"0":"post-1342","1":"product","2":"type-product","3":"status-publish","4":"has-post-thumbnail","6":"product_cat-genel","7":"product_tag-champ-1k-online","9":"first","10":"instock","11":"shipping-taxable","12":"purchasable","13":"product-type-simple"},"acf":[],"_links":{"self":[{"href":"https:\/\/fspturkey.com\/en\/wp-json\/wp\/v2\/product\/1342","targetHints":{"allow":["GET"]}}],"collection":[{"href":"https:\/\/fspturkey.com\/en\/wp-json\/wp\/v2\/product"}],"about":[{"href":"https:\/\/fspturkey.com\/en\/wp-json\/wp\/v2\/types\/product"}],"replies":[{"embeddable":true,"href":"https:\/\/fspturkey.com\/en\/wp-json\/wp\/v2\/comments?post=1342"}],"wp:featuredmedia":[{"embeddable":true,"href":"https:\/\/fspturkey.com\/en\/wp-json\/wp\/v2\/media\/1340"}],"wp:attachment":[{"href":"https:\/\/fspturkey.com\/en\/wp-json\/wp\/v2\/media?parent=1342"}],"wp:term":[{"taxonomy":"product_cat","embeddable":true,"href":"https:\/\/fspturkey.com\/en\/wp-json\/wp\/v2\/product_cat?post=1342"},{"taxonomy":"product_tag","embeddable":true,"href":"https:\/\/fspturkey.com\/en\/wp-json\/wp\/v2\/product_tag?post=1342"}],"curies":[{"name":"wp","href":"https:\/\/api.w.org\/{rel}","templated":true}]}}