{"id":1339,"date":"2024-11-12T12:43:42","date_gmt":"2024-11-12T12:43:42","guid":{"rendered":"https:\/\/fspturkey.com\/urun\/fsp-hydro-k-pro-850w-gen5-hd2-850-g5-power-supply\/"},"modified":"2024-11-25T13:01:43","modified_gmt":"2024-11-25T13:01:43","slug":"fsp-hydro-k-pro-850w-gen5-hd2-850-g5-power-supply","status":"publish","type":"product","link":"https:\/\/fspturkey.com\/en\/product\/fsp-hydro-k-pro-850w-gen5-hd2-850-g5-power-supply\/","title":{"rendered":"FSP HYDRO K PRO 850W GEN5 HD2-850 G5 POWER SUPPLY"},"content":{"rendered":"<p><img decoding=\"async\" border=\"0\" hspace=\"0\" alt=\"\" src=\"\/Users\/fspturkey\/Desktop\/Psu%20Photos\/hydro-k-pro-yeni%20(1).jpg\" align=\"baseline\"><\/p>","protected":false},"excerpt":{"rendered":"<p><p>Yeni Hydro K PRO PSU&#8217;lar&nbsp; ATX12 v2.52 standard\u0131na ve en son g\u00fcvenlik 62368 y\u00f6netmeli\u011fine de uygundur ve y\u00fcksek kaliteli \u015ferit kablolarla birlikte gelir ve bilgisayar\u0131n\u0131za parlak bir g\u00f6r\u00fcn\u00fcm kazand\u0131r\u0131r.Hydro K Pro serisi,en zorlu grafik kartlar\u0131 i\u00e7in s\u00fcrekli olarak maksimum performans sa\u011flayan g\u00fc\u00e7l\u00fc bir tek +12V ray olarak tasarlan\u0131rken,FSP&#8217;nin \u00f6zel DC-DC tasar\u0131m\u0131 g\u00fcvenlik ve g\u00fc\u00e7 verimlili\u011fi sa\u011flar.Ayr\u0131ca 230V 80Plus derecesine sahip,hidrolik yatakl\u0131 fan tasar\u0131m\u0131 sayesinde %88&#8217;in \u00fczerinde y\u00fcksek verimlilik ve d\u00fc\u015f\u00fck g\u00fcr\u00fclt\u00fc seviyeleri sunar; burada 120 mm&#8217;lik b\u00fcy\u00fck bir fan gerekti\u011finde so\u011futma g\u00f6revlerini \u00fcstlenir ve hassas durumlar i\u00e7in m\u00fckemmeldir.<\/p><\/p>","protected":false},"featured_media":1334,"comment_status":"open","ping_status":"closed","template":"","meta":[],"product_cat":[17],"product_tag":[99],"class_list":{"0":"post-1339","1":"product","2":"type-product","3":"status-publish","4":"has-post-thumbnail","6":"product_cat-genel","7":"product_tag-fsp-hydro-k-pro-850w-gen5-h","9":"first","10":"outofstock","11":"shipping-taxable","12":"purchasable","13":"product-type-simple"},"acf":[],"_links":{"self":[{"href":"https:\/\/fspturkey.com\/en\/wp-json\/wp\/v2\/product\/1339","targetHints":{"allow":["GET"]}}],"collection":[{"href":"https:\/\/fspturkey.com\/en\/wp-json\/wp\/v2\/product"}],"about":[{"href":"https:\/\/fspturkey.com\/en\/wp-json\/wp\/v2\/types\/product"}],"replies":[{"embeddable":true,"href":"https:\/\/fspturkey.com\/en\/wp-json\/wp\/v2\/comments?post=1339"}],"wp:featuredmedia":[{"embeddable":true,"href":"https:\/\/fspturkey.com\/en\/wp-json\/wp\/v2\/media\/1334"}],"wp:attachment":[{"href":"https:\/\/fspturkey.com\/en\/wp-json\/wp\/v2\/media?parent=1339"}],"wp:term":[{"taxonomy":"product_cat","embeddable":true,"href":"https:\/\/fspturkey.com\/en\/wp-json\/wp\/v2\/product_cat?post=1339"},{"taxonomy":"product_tag","embeddable":true,"href":"https:\/\/fspturkey.com\/en\/wp-json\/wp\/v2\/product_tag?post=1339"}],"curies":[{"name":"wp","href":"https:\/\/api.w.org\/{rel}","templated":true}]}}