{"id":1333,"date":"2024-11-12T12:43:29","date_gmt":"2024-11-12T12:43:29","guid":{"rendered":"https:\/\/fspturkey.com\/urun\/fsp-dagger-pro-650w-sda2-650\/"},"modified":"2024-11-25T13:01:35","modified_gmt":"2024-11-25T13:01:35","slug":"fsp-dagger-pro-650w-sda2-650","status":"publish","type":"product","link":"https:\/\/fspturkey.com\/en\/product\/fsp-dagger-pro-650w-sda2-650\/","title":{"rendered":"FSP Dagger PRO 650W (SDA2-650)"},"content":{"rendered":"<p><p><span>&nbsp;&nbsp;&nbsp;&nbsp;&nbsp;&nbsp;&nbsp;&nbsp;&nbsp;&nbsp;&nbsp; En yeni SFX12V V3.3 ile uyumluluk<\/span><br><span>&nbsp;&nbsp;&nbsp;&nbsp;&nbsp;&nbsp;&nbsp;&nbsp;&nbsp;&nbsp;&nbsp; Verimlilik: Tipik y\u00fckte% 90<\/span><br><span>&nbsp;&nbsp;&nbsp;&nbsp;&nbsp;&nbsp;&nbsp;&nbsp;&nbsp;&nbsp; MIA IC (Multiple Intelligence Ability) teknolokisi<\/span><br><span>&nbsp;&nbsp;&nbsp;&nbsp;&nbsp;&nbsp;&nbsp;&nbsp;&nbsp;&nbsp;&nbsp; Yar\u0131 fans\u0131z tasar\u0131m ile sessiz \u00e7al\u0131\u015fma<\/span><br><span>&nbsp;&nbsp;&nbsp;&nbsp;&nbsp;&nbsp;&nbsp;&nbsp;&nbsp;&nbsp;&nbsp;Sessiz ve uzun \u00f6m\u00fcrl\u00fc 92mm FDB fan\u0131<\/span><br><span>&nbsp;&nbsp;&nbsp;&nbsp;&nbsp;&nbsp;&nbsp;&nbsp;&nbsp;&nbsp;&nbsp;&nbsp;&nbsp;&nbsp;&nbsp;&nbsp;&nbsp;&nbsp;&nbsp;&nbsp;&nbsp;&nbsp;&nbsp;&nbsp; \u015eerit kablo tasar\u0131m\u0131<\/span><br><span>&nbsp;&nbsp;&nbsp;&nbsp;&nbsp;&nbsp;&nbsp;&nbsp;&nbsp;&nbsp;&nbsp;&nbsp;&nbsp;&nbsp;&nbsp;&nbsp;&nbsp;&nbsp; G\u00fc\u00e7l\u00fc + 12V tek ray tasar\u0131m\u0131<\/span><br><span>&nbsp;&nbsp;&nbsp;&nbsp;&nbsp;&nbsp;&nbsp;&nbsp;&nbsp;&nbsp;&nbsp;&nbsp;&nbsp;&nbsp;&nbsp;&nbsp; 105C Japon elektrolitik kapasit\u00f6rler<\/span><br><span>&nbsp;&nbsp;&nbsp;&nbsp;&nbsp;&nbsp;&nbsp;&nbsp;&nbsp;&nbsp;&nbsp;&nbsp;&nbsp;&nbsp;&nbsp;&nbsp;&nbsp;Intel En Son \u0130\u015flemciler i\u00e7in haz\u0131r<\/span><br><span>&nbsp;&nbsp;&nbsp;&nbsp;&nbsp;&nbsp;&nbsp;&nbsp;&nbsp;&nbsp;&nbsp;&nbsp;&nbsp;Tam korumalar: OCP, OVP, SCP, OPP, OTP<\/span><br><span>&nbsp;&nbsp;&nbsp;&nbsp;&nbsp;&nbsp;&nbsp;&nbsp;&nbsp;&nbsp;&nbsp;&nbsp;&nbsp;&nbsp;&nbsp;&nbsp;&nbsp;&nbsp;ATX kasalar\u0131 i\u00e7in d\u00f6n\u00fc\u015ft\u00fcr\u00fcc\u00fc bracket <\/span><\/p><span><br \/>\n<p><strong><span>Teknik \u00d6zellikler<\/span><\/strong><\/p><br \/>\n<p><span>Model: SDA2-650<\/span><br><span>G\u00fc\u00e7 De\u011feri: 650W<\/span><br><span>Form Faktor: SFX<\/span><br><span>80 PLUS Sertifikas\u0131: Gold<\/span><br><span>Giri\u015f Gerilimi: 100-240V<\/span><br><span>Giri\u015f Ak\u0131m\u0131: 0-5A<\/span><br><span>Giri\u015f Frekans\u0131: 50-60Hz<\/span><br><span>Verimlilik: 90%<\/span><br><span>Fan Tipi: ball bearing fan,92mm<\/span><br><span>Boyutlar(U x G x Y): 25 \u00d7 100 \u00d7 63.5 mm<\/span><br><span>\u00c7al\u0131\u015fma S\u00fcresi:&nbsp; 200,000 Hrs<\/span><br><span>Korumalar: OCP, OVP, SCP, OPP, OTP<\/span><\/p><\/span><\/p>","protected":false},"excerpt":{"rendered":"<p>&nbsp;&nbsp;&nbsp;&nbsp;&nbsp;&nbsp;&nbsp;&nbsp;&nbsp;&nbsp;&nbsp; En yeni SFX12V V3.3 ile uyumluluk&nbsp;&nbsp;&nbsp;&nbsp;&nbsp;&nbsp;&nbsp;&nbsp;&nbsp;&nbsp;&nbsp; Verimlilik: Tipik y\u00fckte% 90&nbsp;&nbsp;&nbsp;&nbsp;&nbsp;&nbsp;&nbsp;&nbsp;&nbsp;&nbsp; MIA IC (Multiple Intelligence Ability) teknolokisi&nbsp;&nbsp;&nbsp;&nbsp;&nbsp;&nbsp;&nbsp;&nbsp;&nbsp;&nbsp;&nbsp; Yar\u0131 fans\u0131z tasar\u0131m ile sessiz \u00e7al\u0131\u015fma&nbsp;&nbsp;&nbsp;&nbsp;&nbsp;&nbsp;&nbsp;&nbsp;&nbsp;&nbsp;&nbsp;Sessiz ve uzun \u00f6m\u00fcrl\u00fc 92mm FDB fan\u0131&nbsp;&nbsp;&nbsp;&nbsp;&nbsp;&nbsp;&nbsp;&nbsp;&nbsp;&nbsp;&nbsp;&nbsp;&nbsp;&nbsp;&nbsp;&nbsp;&nbsp;&nbsp;&nbsp;&nbsp;&nbsp;&nbsp;&nbsp;&nbsp; \u015eerit kablo tasar\u0131m\u0131&nbsp;&nbsp;&nbsp;&nbsp;&nbsp;&nbsp;&nbsp;&nbsp;&nbsp;&nbsp;&nbsp;&nbsp;&nbsp;&nbsp;&nbsp;&nbsp;&nbsp;&nbsp; G\u00fc\u00e7l\u00fc + 12V tek ray tasar\u0131m\u0131&nbsp;&nbsp;&nbsp;&nbsp;&nbsp;&nbsp;&nbsp;&nbsp;&nbsp;&nbsp;&nbsp;&nbsp;&nbsp;&nbsp;&nbsp;&nbsp; 105C Japon elektrolitik kapasit\u00f6rler&nbsp;&nbsp;&nbsp;&nbsp;&nbsp;&nbsp;&nbsp;&nbsp;&nbsp;&nbsp;&nbsp;&nbsp;&nbsp;&nbsp;&nbsp;&nbsp;&nbsp;Intel En Son \u0130\u015flemciler i\u00e7in haz\u0131r&nbsp;&nbsp;&nbsp;&nbsp;&nbsp;&nbsp;&nbsp;&nbsp;&nbsp;&nbsp;&nbsp;&nbsp;&nbsp;Tam korumalar: OCP, OVP, SCP, OPP, OTP&nbsp;&nbsp;&nbsp;&nbsp;&nbsp;&nbsp;&nbsp;&nbsp;&nbsp;&nbsp;&nbsp;&nbsp;&nbsp;&nbsp;&nbsp;&nbsp;&nbsp;&nbsp;ATX kasalar\u0131 i\u00e7in [&hellip;]<\/p>","protected":false},"featured_media":1329,"comment_status":"open","ping_status":"closed","template":"","meta":[],"product_cat":[17],"product_tag":[104],"class_list":{"0":"post-1333","1":"product","2":"type-product","3":"status-publish","4":"has-post-thumbnail","6":"product_cat-genel","7":"product_tag-fsp-dagger-pro-650w-sda2-65","9":"first","10":"outofstock","11":"shipping-taxable","12":"purchasable","13":"product-type-simple"},"acf":[],"_links":{"self":[{"href":"https:\/\/fspturkey.com\/en\/wp-json\/wp\/v2\/product\/1333","targetHints":{"allow":["GET"]}}],"collection":[{"href":"https:\/\/fspturkey.com\/en\/wp-json\/wp\/v2\/product"}],"about":[{"href":"https:\/\/fspturkey.com\/en\/wp-json\/wp\/v2\/types\/product"}],"replies":[{"embeddable":true,"href":"https:\/\/fspturkey.com\/en\/wp-json\/wp\/v2\/comments?post=1333"}],"wp:featuredmedia":[{"embeddable":true,"href":"https:\/\/fspturkey.com\/en\/wp-json\/wp\/v2\/media\/1329"}],"wp:attachment":[{"href":"https:\/\/fspturkey.com\/en\/wp-json\/wp\/v2\/media?parent=1333"}],"wp:term":[{"taxonomy":"product_cat","embeddable":true,"href":"https:\/\/fspturkey.com\/en\/wp-json\/wp\/v2\/product_cat?post=1333"},{"taxonomy":"product_tag","embeddable":true,"href":"https:\/\/fspturkey.com\/en\/wp-json\/wp\/v2\/product_tag?post=1333"}],"curies":[{"name":"wp","href":"https:\/\/api.w.org\/{rel}","templated":true}]}}