{"id":1328,"date":"2024-11-12T12:43:19","date_gmt":"2024-11-12T12:43:19","guid":{"rendered":"https:\/\/fspturkey.com\/urun\/powercube-4lu-2-usb-girisi-kup-akim-korumali-priz-coklayici-kirmizi\/"},"modified":"2024-11-25T13:01:26","modified_gmt":"2024-11-25T13:01:26","slug":"powercube-4lu-2-usb-girisi-kup-akim-korumali-priz-coklayici-kirmizi","status":"publish","type":"product","link":"https:\/\/fspturkey.com\/en\/product\/powercube-4lu-2-usb-girisi-kup-akim-korumali-priz-coklayici-kirmizi\/","title":{"rendered":"PowerCube 4&#8217;l\u00fc +2 Usb Giri\u015fi K\u00fcp Ak\u0131m Korumal\u0131 Priz \u00c7oklay\u0131c\u0131 &#8211; K\u0131rm\u0131z\u0131"},"content":{"rendered":"<p><p><span><img decoding=\"async\" border=\"0\" hspace=\"0\" alt=\"\" src=\"http:\/\/cdn1.xmlbankasi.com\/p1\/phkazvoswvlk\/image\/data\/resimler\/powercube-4-lu-2-usb-girisi-kup-akim-korumali-priz-coklayici-kirmizi-437.jpg\" align=\"baseline\"><\/span><\/p><\/p>","protected":false},"excerpt":{"rendered":"","protected":false},"featured_media":1324,"comment_status":"open","ping_status":"closed","template":"","meta":[],"product_cat":[17],"product_tag":[18],"class_list":{"0":"post-1328","1":"product","2":"type-product","3":"status-publish","4":"has-post-thumbnail","6":"product_cat-genel","7":"product_tag-powercube-4-lu-2-usb-girisi","9":"first","10":"instock","11":"shipping-taxable","12":"purchasable","13":"product-type-simple"},"acf":[],"_links":{"self":[{"href":"https:\/\/fspturkey.com\/en\/wp-json\/wp\/v2\/product\/1328","targetHints":{"allow":["GET"]}}],"collection":[{"href":"https:\/\/fspturkey.com\/en\/wp-json\/wp\/v2\/product"}],"about":[{"href":"https:\/\/fspturkey.com\/en\/wp-json\/wp\/v2\/types\/product"}],"replies":[{"embeddable":true,"href":"https:\/\/fspturkey.com\/en\/wp-json\/wp\/v2\/comments?post=1328"}],"wp:featuredmedia":[{"embeddable":true,"href":"https:\/\/fspturkey.com\/en\/wp-json\/wp\/v2\/media\/1324"}],"wp:attachment":[{"href":"https:\/\/fspturkey.com\/en\/wp-json\/wp\/v2\/media?parent=1328"}],"wp:term":[{"taxonomy":"product_cat","embeddable":true,"href":"https:\/\/fspturkey.com\/en\/wp-json\/wp\/v2\/product_cat?post=1328"},{"taxonomy":"product_tag","embeddable":true,"href":"https:\/\/fspturkey.com\/en\/wp-json\/wp\/v2\/product_tag?post=1328"}],"curies":[{"name":"wp","href":"https:\/\/api.w.org\/{rel}","templated":true}]}}