{"id":1323,"date":"2024-11-12T12:43:10","date_gmt":"2024-11-12T12:43:10","guid":{"rendered":"https:\/\/fspturkey.com\/urun\/powercube-4lu-2-usb-girisi-kup-akim-korumali-priz-coklayici-yesil\/"},"modified":"2024-11-25T13:01:16","modified_gmt":"2024-11-25T13:01:16","slug":"powercube-4lu-2-usb-girisi-kup-akim-korumali-priz-coklayici-yesil","status":"publish","type":"product","link":"https:\/\/fspturkey.com\/en\/product\/powercube-4lu-2-usb-girisi-kup-akim-korumali-priz-coklayici-yesil\/","title":{"rendered":"PowerCube 4&#8217;l\u00fc +2 Usb Giri\u015fi K\u00fcp Ak\u0131m Korumal\u0131 Priz \u00c7oklay\u0131c\u0131 &#8211; Ye\u015fil"},"content":{"rendered":"<p><span>PowerCube Original USB&#8217;li &nbsp;\u00b7 Grup prizlerde s\u0131kl\u0131kla ya\u015fad\u0131\u011f\u0131m\u0131z adapt\u00f6rlerin birbirini bloklamas\u0131 problemine \u00e7\u00f6z\u00fcm getirmektedir. \u00b7 Patentli ve reddot design \u00f6d\u00fcll\u00fc k\u00fcp \u015feklindeki kompakt dizayn\u0131 sayesinde priz \u00e7oklay\u0131c\u0131n\u0131zda kullanaca\u011f\u0131n\u0131z adapt\u00f6rlerin birbirini engellemeden b\u00fct\u00fcn priz \u00e7\u0131k\u0131\u015flar\u0131n\u0131 kullanman\u0131za olanak verir.<img decoding=\"async\" border=\"0\" hspace=\"0\" alt=\"\" src=\"\/Users\/fspturkey\/Desktop\/YE\u015e\u0130LLLLLLL.jpeg\" align=\"baseline\"><\/span><\/p>","protected":false},"excerpt":{"rendered":"<p>PowerCube Original USB&#8217;li &nbsp;\u00b7 Grup prizlerde s\u0131kl\u0131kla ya\u015fad\u0131\u011f\u0131m\u0131z adapt\u00f6rlerin birbirini bloklamas\u0131 problemine \u00e7\u00f6z\u00fcm getirmektedir. \u00b7 Patentli ve reddot design \u00f6d\u00fcll\u00fc k\u00fcp \u015feklindeki kompakt dizayn\u0131 sayesinde priz \u00e7oklay\u0131c\u0131n\u0131zda kullanaca\u011f\u0131n\u0131z adapt\u00f6rlerin birbirini engellemeden b\u00fct\u00fcn priz \u00e7\u0131k\u0131\u015flar\u0131n\u0131 kullanman\u0131za olanak verir.<\/p>","protected":false},"featured_media":1318,"comment_status":"open","ping_status":"closed","template":"","meta":[],"product_cat":[17],"product_tag":[18],"class_list":{"0":"post-1323","1":"product","2":"type-product","3":"status-publish","4":"has-post-thumbnail","6":"product_cat-genel","7":"product_tag-powercube-4-lu-2-usb-girisi","9":"first","10":"instock","11":"shipping-taxable","12":"purchasable","13":"product-type-simple"},"acf":[],"_links":{"self":[{"href":"https:\/\/fspturkey.com\/en\/wp-json\/wp\/v2\/product\/1323","targetHints":{"allow":["GET"]}}],"collection":[{"href":"https:\/\/fspturkey.com\/en\/wp-json\/wp\/v2\/product"}],"about":[{"href":"https:\/\/fspturkey.com\/en\/wp-json\/wp\/v2\/types\/product"}],"replies":[{"embeddable":true,"href":"https:\/\/fspturkey.com\/en\/wp-json\/wp\/v2\/comments?post=1323"}],"wp:featuredmedia":[{"embeddable":true,"href":"https:\/\/fspturkey.com\/en\/wp-json\/wp\/v2\/media\/1318"}],"wp:attachment":[{"href":"https:\/\/fspturkey.com\/en\/wp-json\/wp\/v2\/media?parent=1323"}],"wp:term":[{"taxonomy":"product_cat","embeddable":true,"href":"https:\/\/fspturkey.com\/en\/wp-json\/wp\/v2\/product_cat?post=1323"},{"taxonomy":"product_tag","embeddable":true,"href":"https:\/\/fspturkey.com\/en\/wp-json\/wp\/v2\/product_tag?post=1323"}],"curies":[{"name":"wp","href":"https:\/\/api.w.org\/{rel}","templated":true}]}}