{"id":1315,"date":"2024-11-12T12:42:54","date_gmt":"2024-11-12T12:42:54","guid":{"rendered":"https:\/\/fspturkey.com\/urun\/thermalright-frozen-horizon-360-beyaz-argb-sivi-islemci-sogutucu\/"},"modified":"2024-11-25T13:01:00","modified_gmt":"2024-11-25T13:01:00","slug":"thermalright-frozen-horizon-360-beyaz-argb-sivi-islemci-sogutucu","status":"publish","type":"product","link":"https:\/\/fspturkey.com\/en\/product\/thermalright-frozen-horizon-360-beyaz-argb-sivi-islemci-sogutucu\/","title":{"rendered":"Thermalright Frozen Horizon 360 Beyaz ARGB S\u0131v\u0131 \u0130\u015flemci So\u011futucu"},"content":{"rendered":"<p><p>oket Deste\u011fi: Intel\uff1aLGA115X\/1200\/1700\/2011\/2066,&nbsp; AMD\uff1aFM1\/FM2\/FM2+\/AM2\/AM2+\/AM3\/AM3+\/AM4\/AM5<\/p><br \/>\n<p>Pompa Boyutlar\u0131: 73 x 73 x 53 mm<\/p><br \/>\n<p>Pompa H\u0131z\u0131: 2800 RPM \u00b110% (MAX)<\/p><br \/>\n<p>Pompa Ses Seviyesi: 27 dBA&nbsp;(MAX)<\/p><br \/>\n<p>Pompa G\u00fc\u00e7 T\u00fcketimi: 3W<\/p><br \/>\n<p>Ba\u011flant\u0131: 4 pin PWM<\/p><br \/>\n<p>ARGB: 3pin 5V<\/p><br \/>\n<p>&nbsp;<\/p><br \/>\n<p>Fanlar: TL-B12W-S Extrem<\/p><br \/>\n<p>Boyutlar: 120 x 120 x 25.6 mm<\/p><br \/>\n<p>Fan Devir H\u0131z\u0131: 2150 RPM \u00b110% (MAX)<\/p><br \/>\n<p>Fan Ses Seviyesi: 28.1 dBA<\/p><br \/>\n<p>Hava Ak\u0131\u015f G\u00fcc\u00fc: 69 CFM<\/p><br \/>\n<p>Statik Bas\u0131n\u00e7: 2.87 mm H2O<\/p><br \/>\n<p>Ba\u011flant\u0131: 4 pin PWM<\/p><br \/>\n<p>ARGB: 3pin 5V<\/p><br \/>\n<p>&nbsp;<\/p><br \/>\n<p>Radyat\u00f6r Uzunlu\u011fu: 397 mm<\/p><br \/>\n<p>Radyat\u00f6r Geni\u015fli\u011fi: 27mm<\/p><br \/>\n<p>Hortum Uzunlu\u011fu: 45mm&nbsp;<\/p><br \/>\n<p>&nbsp;<\/p><\/p>","protected":false},"excerpt":{"rendered":"<p>oket Deste\u011fi: Intel\uff1aLGA115X\/1200\/1700\/2011\/2066,&nbsp; AMD\uff1aFM1\/FM2\/FM2+\/AM2\/AM2+\/AM3\/AM3+\/AM4\/AM5 Pompa Boyutlar\u0131: 73 x 73 x 53 mm Pompa H\u0131z\u0131: 2800 RPM \u00b110% (MAX) Pompa Ses Seviyesi: 27 dBA&nbsp;(MAX) Pompa G\u00fc\u00e7 T\u00fcketimi: 3W Ba\u011flant\u0131: 4 pin PWM ARGB: 3pin 5V &nbsp; Fanlar: TL-B12W-S Extrem Boyutlar: 120 x 120 x 25.6 mm Fan Devir H\u0131z\u0131: 2150 RPM \u00b110% (MAX) Fan Ses Seviyesi: [&hellip;]<\/p>","protected":false},"featured_media":1310,"comment_status":"open","ping_status":"closed","template":"","meta":[],"product_cat":[17],"product_tag":[70],"class_list":{"0":"post-1315","1":"product","2":"type-product","3":"status-publish","4":"has-post-thumbnail","6":"product_cat-genel","7":"product_tag-thermalright-frozen-horizon","9":"first","10":"outofstock","11":"shipping-taxable","12":"purchasable","13":"product-type-simple"},"acf":[],"_links":{"self":[{"href":"https:\/\/fspturkey.com\/en\/wp-json\/wp\/v2\/product\/1315","targetHints":{"allow":["GET"]}}],"collection":[{"href":"https:\/\/fspturkey.com\/en\/wp-json\/wp\/v2\/product"}],"about":[{"href":"https:\/\/fspturkey.com\/en\/wp-json\/wp\/v2\/types\/product"}],"replies":[{"embeddable":true,"href":"https:\/\/fspturkey.com\/en\/wp-json\/wp\/v2\/comments?post=1315"}],"wp:featuredmedia":[{"embeddable":true,"href":"https:\/\/fspturkey.com\/en\/wp-json\/wp\/v2\/media\/1310"}],"wp:attachment":[{"href":"https:\/\/fspturkey.com\/en\/wp-json\/wp\/v2\/media?parent=1315"}],"wp:term":[{"taxonomy":"product_cat","embeddable":true,"href":"https:\/\/fspturkey.com\/en\/wp-json\/wp\/v2\/product_cat?post=1315"},{"taxonomy":"product_tag","embeddable":true,"href":"https:\/\/fspturkey.com\/en\/wp-json\/wp\/v2\/product_tag?post=1315"}],"curies":[{"name":"wp","href":"https:\/\/api.w.org\/{rel}","templated":true}]}}