{"id":1309,"date":"2024-11-12T12:42:46","date_gmt":"2024-11-12T12:42:46","guid":{"rendered":"https:\/\/fspturkey.com\/urun\/thermalright-frozen-horizon-360-black-argb-360mm-argb-siyah-am5am4-lga1700-lga1200-sivi-islemci-sogutucusu\/"},"modified":"2024-11-25T13:00:37","modified_gmt":"2024-11-25T13:00:37","slug":"thermalright-frozen-horizon-360-black-argb-360mm-argb-siyah-am5am4-lga1700-lga1200-sivi-islemci-sogutucusu","status":"publish","type":"product","link":"https:\/\/fspturkey.com\/en\/product\/thermalright-frozen-horizon-360-black-argb-360mm-argb-siyah-am5am4-lga1700-lga1200-sivi-islemci-sogutucusu\/","title":{"rendered":"THERMALRIGHT Frozen Horizon 360 BLACK ARGB 360mm, ARGB, Siyah, AM5,AM4, LGA1700, LGA1200 S\u0131v\u0131 \u0130\u015flemci so\u011futucusu"},"content":{"rendered":"<p><img decoding=\"async\" border=\"0\" hspace=\"0\" alt=\"\" src=\"\/Users\/fspturkey\/Desktop\/1%20(1).jpg\" align=\"baseline\"><\/p>","protected":false},"excerpt":{"rendered":"<p><img border=\"0\" hspace=\"0\" alt=\"\" src=\"\/Users\/fspturkey\/Desktop\/2%20(1).jpg\" align=\"baseline\"><\/p>","protected":false},"featured_media":1303,"comment_status":"open","ping_status":"closed","template":"","meta":[],"product_cat":[17],"product_tag":[67,66,64,69,68,65,70],"class_list":{"0":"post-1309","1":"product","2":"type-product","3":"status-publish","4":"has-post-thumbnail","6":"product_cat-genel","7":"product_tag-am4","8":"product_tag-am5","9":"product_tag-argb","10":"product_tag-lga1200-sivi-islemci-sogutu","11":"product_tag-lga1700","12":"product_tag-siyah","13":"product_tag-thermalright-frozen-horizon","15":"first","16":"outofstock","17":"shipping-taxable","18":"purchasable","19":"product-type-simple"},"acf":[],"_links":{"self":[{"href":"https:\/\/fspturkey.com\/en\/wp-json\/wp\/v2\/product\/1309","targetHints":{"allow":["GET"]}}],"collection":[{"href":"https:\/\/fspturkey.com\/en\/wp-json\/wp\/v2\/product"}],"about":[{"href":"https:\/\/fspturkey.com\/en\/wp-json\/wp\/v2\/types\/product"}],"replies":[{"embeddable":true,"href":"https:\/\/fspturkey.com\/en\/wp-json\/wp\/v2\/comments?post=1309"}],"wp:featuredmedia":[{"embeddable":true,"href":"https:\/\/fspturkey.com\/en\/wp-json\/wp\/v2\/media\/1303"}],"wp:attachment":[{"href":"https:\/\/fspturkey.com\/en\/wp-json\/wp\/v2\/media?parent=1309"}],"wp:term":[{"taxonomy":"product_cat","embeddable":true,"href":"https:\/\/fspturkey.com\/en\/wp-json\/wp\/v2\/product_cat?post=1309"},{"taxonomy":"product_tag","embeddable":true,"href":"https:\/\/fspturkey.com\/en\/wp-json\/wp\/v2\/product_tag?post=1309"}],"curies":[{"name":"wp","href":"https:\/\/api.w.org\/{rel}","templated":true}]}}