{"id":1295,"date":"2024-11-12T12:42:19","date_gmt":"2024-11-12T12:42:19","guid":{"rendered":"https:\/\/fspturkey.com\/urun\/thermalright-axp90-x47-black-42-58-cfm-tl-9015b-92mm-pwm-fan-lga-1700-am4-am5-islemci-sogutucusu\/"},"modified":"2024-11-25T13:00:20","modified_gmt":"2024-11-25T13:00:20","slug":"thermalright-axp90-x47-black-42-58-cfm-tl-9015b-92mm-pwm-fan-lga-1700-am4-am5-islemci-sogutucusu","status":"publish","type":"product","link":"https:\/\/fspturkey.com\/en\/product\/thermalright-axp90-x47-black-42-58-cfm-tl-9015b-92mm-pwm-fan-lga-1700-am4-am5-islemci-sogutucusu\/","title":{"rendered":"THERMALRIGHT AXP90-X47 BLACK 42.58 CFM, TL-9015B 92mm PWM Fan, LGA 1700, AM4-AM5 \u0130\u015flemci so\u011futucusu"},"content":{"rendered":"<p><p><font color=\"#000000\" size=\"3\" face=\"Times New Roman\">So\u011futucu \u00d6zellikleri: Boyutlar: U94,5 mm x G95 mm x Y32 mm A\u011f\u0131rl\u0131k (Fanl\u0131): 310g Is\u0131 borular\u0131: 6 mm \u0131s\u0131 borusu x 4 adet Fin: T = 0,3 mm\uff1bBo\u015fluk=1,6 mm Bak\u0131r Taban: C1100 Saf Bak\u0131r nikel kaplama TL-9015B FAN \u00d6zelli\u011fi\uff1a Boyutlar: U92 mm x G92 mm x Y15 mm Nominal H\u0131z: 2700 RPM\u00b110% (MAKS.) G\u00fcr\u00fclt\u00fc Seviyesi: 22,4 dBA Hava Ak\u0131\u015f\u0131: 42,58 CFM (MAKS) Hava Bas\u0131nc\u0131: 1,33 mm H2O (MAKS) Amper: 0,18 A Ba\u011flay\u0131c\u0131: 4 Pimli (PWM Fan konekt\u00f6r\u00fc) Rulman Tipi : H\u0130DROL\u0130K Rulman <\/font><\/p><br \/>\n<p><\/p><br class=\"Apple-interchange-newline\"><\/p>","protected":false},"excerpt":{"rendered":"<p>So\u011futucu \u00d6zellikleri: Boyutlar: U94,5 mm x G95 mm x Y32 mm A\u011f\u0131rl\u0131k (Fanl\u0131): 310g Is\u0131 borular\u0131: 6 mm \u0131s\u0131 borusu x 4 adet Fin: T = 0,3 mm\uff1bBo\u015fluk=1,6 mm Bak\u0131r Taban: C1100 Saf Bak\u0131r nikel kaplama TL-9015B FAN \u00d6zelli\u011fi\uff1a Boyutlar: U92 mm x G92 mm x Y15 mm Nominal H\u0131z: 2700 RPM\u00b110% (MAKS.) G\u00fcr\u00fclt\u00fc Seviyesi: [&hellip;]<\/p>","protected":false},"featured_media":1290,"comment_status":"open","ping_status":"closed","template":"","meta":[],"product_cat":[17],"product_tag":[74,73,71,72],"class_list":{"0":"post-1295","1":"product","2":"type-product","3":"status-publish","4":"has-post-thumbnail","6":"product_cat-genel","7":"product_tag-am4-am5-islemci-sogutucusu","8":"product_tag-lga-1700","9":"product_tag-thermalright-axp90-x47-blac","10":"product_tag-tl-9015b-92mm-pwm-fan","12":"first","13":"outofstock","14":"shipping-taxable","15":"purchasable","16":"product-type-simple"},"acf":[],"_links":{"self":[{"href":"https:\/\/fspturkey.com\/en\/wp-json\/wp\/v2\/product\/1295","targetHints":{"allow":["GET"]}}],"collection":[{"href":"https:\/\/fspturkey.com\/en\/wp-json\/wp\/v2\/product"}],"about":[{"href":"https:\/\/fspturkey.com\/en\/wp-json\/wp\/v2\/types\/product"}],"replies":[{"embeddable":true,"href":"https:\/\/fspturkey.com\/en\/wp-json\/wp\/v2\/comments?post=1295"}],"wp:featuredmedia":[{"embeddable":true,"href":"https:\/\/fspturkey.com\/en\/wp-json\/wp\/v2\/media\/1290"}],"wp:attachment":[{"href":"https:\/\/fspturkey.com\/en\/wp-json\/wp\/v2\/media?parent=1295"}],"wp:term":[{"taxonomy":"product_cat","embeddable":true,"href":"https:\/\/fspturkey.com\/en\/wp-json\/wp\/v2\/product_cat?post=1295"},{"taxonomy":"product_tag","embeddable":true,"href":"https:\/\/fspturkey.com\/en\/wp-json\/wp\/v2\/product_tag?post=1295"}],"curies":[{"name":"wp","href":"https:\/\/api.w.org\/{rel}","templated":true}]}}