{"id":1273,"date":"2024-11-12T12:41:30","date_gmt":"2024-11-12T12:41:30","guid":{"rendered":"https:\/\/fspturkey.com\/urun\/redragon-m808rgb-storm\/"},"modified":"2024-11-25T12:59:54","modified_gmt":"2024-11-25T12:59:54","slug":"redragon-m808rgb-storm","status":"publish","type":"product","link":"https:\/\/fspturkey.com\/en\/product\/redragon-m808rgb-storm\/","title":{"rendered":"REDRAGON M808RGB STORM"},"content":{"rendered":"<p><p>Redragon M808 F\u0131rt\u0131na Hafif RGB Oyun Faresi, 85g Ultralight Petek \u00d6r\u00fcnt\u00fcs\u00fc. Ultralight -85g, Redragon&#8217;un en hafif faresi, y\u0131llar boyunca her el ve her g\u00f6reve m\u00fckemmel \u015fekilde uyan tercih testlerini kullan\u0131r. Tek bir t\u0131klama veya kayd\u0131rma, tamamen sizin kontrol\u00fcn\u00fczde. Petek G\u00f6r\u00fcn\u00fcm\u00fc &#8211; Rahat buzlu kaplamayla kapl\u0131 kesik bal pete\u011fi kabu\u011fu, size \u00e7ok y\u00f6nl\u00fc his verir, hedefinizi en \u00fcst d\u00fczeye \u00e7\u0131karmak i\u00e7in s\u0131n\u0131rs\u0131z olanaklar ve sonsuz potansiyel sunar. S\u00fcrt\u00fcnmesiz Dokuma Kablosu &#8211; Sadece farenin malzemesi ve tasar\u0131m\u0131 de\u011fil, ayn\u0131 zamanda kablo a\u011f\u0131rl\u0131\u011f\u0131 da s\u00fcrt\u00fcnmeyi olabildi\u011fince ortadan kald\u0131rmak i\u00e7in en hafif malzemeden yap\u0131lm\u0131\u015ft\u0131r. 7 Programlanabilir D\u00fc\u011fme &#8211; T\u00fcm d\u00fc\u011fmeler, karma\u015f\u0131k makro tu\u015f atamalar\u0131n\u0131n yeniden tan\u0131mlanmas\u0131 ve atanmas\u0131 i\u00e7in kullan\u0131labilir, her t\u00fcrl\u00fc imkans\u0131z g\u00f6revin \u00fcstesinden gelmek kolayd\u0131r. DPI \/ RGB&#8217;nizi ayarlay\u0131n &#8211; 100 ila 12400 DPI ve 16,8 Milyon rengin t\u00fcm\u00fc, yaz\u0131l\u0131m deste\u011fi (indirme ba\u011flant\u0131s\u0131) ile \u00f6zelle\u015ftirilebilir, be\u011fendi\u011finiz kazanma yolunu tasarlay\u0131n. Ultra Hafif Tasar\u0131m 85g&#8217;de, d\u00fc\u015f\u00fck DPI&#8217;l\u0131 kol t\u00fcr\u00fc oyuncular i\u00e7in daha geni\u015f hareket, daha yumu\u015fak kayd\u0131rma, daha h\u0131zl\u0131 tepki h\u0131z\u0131 sa\u011flar. 5 \u00d6zelle\u015ftirilebilir DPI Seviyesi Geli\u015fmi\u015f oyun s\u00fcr\u00fcc\u00fcs\u00fcyle, 5 yerle\u015fik DPI seviyesinin t\u00fcm\u00fc 100-12400 aras\u0131nda +\/- 100 olarak d\u00fczenlenebilir. Farkl\u0131 durumlar i\u00e7in DPI ayarlar\u0131n\u0131z aras\u0131nda ayarlanmas\u0131 ve h\u0131zl\u0131ca de\u011fi\u015ftirilebilir. Petek g\u00f6r\u00fcn\u00fcm\u00fc tasar\u0131m\u0131 ve ergonomik \u015fekli rahat bir kavrama \u00e7er\u00e7evesine sahip \u015f\u0131k kesik petek kabuk tasar\u0131m\u0131, uzun s\u00fcreli kullan\u0131m\u0131n neden oldu\u011fu yorgunlu\u011fu b\u00fcy\u00fck \u00f6l\u00e7\u00fcde azalt\u0131r.<\/p><\/p>","protected":false},"excerpt":{"rendered":"<p>Redragon M808 F\u0131rt\u0131na Hafif RGB Oyun Faresi, 85g Ultralight Petek \u00d6r\u00fcnt\u00fcs\u00fc. Ultralight -85g, Redragon&#8217;un en hafif faresi, y\u0131llar boyunca her el ve her g\u00f6reve m\u00fckemmel \u015fekilde uyan tercih testlerini kullan\u0131r. Tek bir t\u0131klama veya kayd\u0131rma, tamamen sizin kontrol\u00fcn\u00fczde. Petek G\u00f6r\u00fcn\u00fcm\u00fc &#8211; Rahat buzlu kaplamayla kapl\u0131 kesik bal pete\u011fi kabu\u011fu, size \u00e7ok y\u00f6nl\u00fc his verir, hedefinizi [&hellip;]<\/p>","protected":false},"featured_media":1272,"comment_status":"open","ping_status":"closed","template":"","meta":[],"product_cat":[17],"product_tag":[58],"class_list":{"0":"post-1273","1":"product","2":"type-product","3":"status-publish","4":"has-post-thumbnail","6":"product_cat-genel","7":"product_tag-redragon-m808rgb-storm","9":"first","10":"outofstock","11":"shipping-taxable","12":"purchasable","13":"product-type-simple"},"acf":[],"_links":{"self":[{"href":"https:\/\/fspturkey.com\/en\/wp-json\/wp\/v2\/product\/1273","targetHints":{"allow":["GET"]}}],"collection":[{"href":"https:\/\/fspturkey.com\/en\/wp-json\/wp\/v2\/product"}],"about":[{"href":"https:\/\/fspturkey.com\/en\/wp-json\/wp\/v2\/types\/product"}],"replies":[{"embeddable":true,"href":"https:\/\/fspturkey.com\/en\/wp-json\/wp\/v2\/comments?post=1273"}],"wp:featuredmedia":[{"embeddable":true,"href":"https:\/\/fspturkey.com\/en\/wp-json\/wp\/v2\/media\/1272"}],"wp:attachment":[{"href":"https:\/\/fspturkey.com\/en\/wp-json\/wp\/v2\/media?parent=1273"}],"wp:term":[{"taxonomy":"product_cat","embeddable":true,"href":"https:\/\/fspturkey.com\/en\/wp-json\/wp\/v2\/product_cat?post=1273"},{"taxonomy":"product_tag","embeddable":true,"href":"https:\/\/fspturkey.com\/en\/wp-json\/wp\/v2\/product_tag?post=1273"}],"curies":[{"name":"wp","href":"https:\/\/api.w.org\/{rel}","templated":true}]}}