{"id":1271,"date":"2024-11-12T12:41:22","date_gmt":"2024-11-12T12:41:22","guid":{"rendered":"https:\/\/fspturkey.com\/urun\/vento-vg14fe-bilgisayar-kasasi-psu-yok\/"},"modified":"2024-11-25T12:59:46","modified_gmt":"2024-11-25T12:59:46","slug":"vento-vg14fe-bilgisayar-kasasi-psu-yok","status":"publish","type":"product","link":"https:\/\/fspturkey.com\/en\/product\/vento-vg14fe-bilgisayar-kasasi-psu-yok\/","title":{"rendered":"VENTO VG14FE B\u0130LG\u0130SAYAR KASASI-Psu Yok"},"content":{"rendered":"<p><p><u><em><font color=\"#ffffff\"><span>Geni\u015f Havaland\u0131rma Alanl\u0131 \u00d6n Panel RGB Kasan\u0131za En I\u015f\u0131lt\u0131l\u0131 Ortam\u0131 Hissettirecek.<\/span><br><span>VG14FE 3x 12cm \u00f6n ve 1x 12cm arka RGB Fanlar\u0131 ile hem ayd\u0131nlatma performans\u0131nda hemde so\u011futma esnas\u0131nda en y\u00fcksek seviyeyi sunar.<\/span><\/font><\/em><\/u><\/p><span><\/span><br \/>\n<div class=\"elementor-element elementor-element-9e53bf0 elementor-widget elementor-widget-heading\" style='--flex-direction: initial;--flex-wrap: initial;--justify-content: initial;--align-items: initial;--align-content: initial;--gap: initial;--flex-basis: initial;--flex-grow: initial;--flex-shrink: initial;--order: initial;--align-self: initial;flex-direction: var(--flex-direction);flex-wrap: var(--flex-wrap);justify-content: var(--justify-content);align-items: var(--align-items);align-content: var(--align-content);gap: var(--gap);flex-basis: var(--flex-basis);flex-grow: var(--flex-grow);flex-shrink: var(--flex-shrink);align-self: var(--align-self);--widgets-spacing: 20px' data-id=\"9e53bf0\" data-element_type=\"widget\" data-settings='{\"ekit_we_effect_on\":\"none\"}' data-widget_type=\"heading.default\"><br \/>\n<div class=\"elementor-widget-container\"><br \/>\n<h2 class=\"elementor-heading-title elementor-size-default\"><u><em><font color=\"#ffffff\">E\u015eS\u0130Z YAN CAM PANEL TASARIMI<\/font><\/em><\/u><\/h2><\/div><\/div><br \/>\n<div class=\"elementor-element elementor-element-fae0c0d elementor-widget elementor-widget-text-editor\" style='--flex-direction: initial;--flex-wrap: initial;--justify-content: initial;--align-items: initial;--align-content: initial;--gap: initial;--flex-basis: initial;--flex-grow: initial;--flex-shrink: initial;--order: initial;--align-self: initial;flex-direction: var(--flex-direction);flex-wrap: var(--flex-wrap);justify-content: var(--justify-content);align-items: var(--align-items);align-content: var(--align-content);gap: var(--gap);flex-basis: var(--flex-basis);flex-grow: var(--flex-grow);flex-shrink: var(--flex-shrink);align-self: var(--align-self);--widgets-spacing: 20px' data-id=\"fae0c0d\" data-element_type=\"widget\" data-settings='{\"ekit_we_effect_on\":\"none\"}' data-widget_type=\"text-editor.default\"><br \/>\n<div class=\"elementor-widget-container\"><u><em><font color=\"#ffffff\">Yan Paneli Kaplayan \u00d6zel Cam Panel Sayesinde Sistem Bile\u015fenlerinizi Gururla Sergileyin.<\/font><\/em><\/u><\/div><\/div><br \/>\n<div class=\"elementor-element elementor-element-8eb25bf elementor-widget elementor-widget-heading\" style='--flex-direction: initial;--flex-wrap: initial;--justify-content: initial;--align-items: initial;--align-content: initial;--gap: initial;--flex-basis: initial;--flex-grow: initial;--flex-shrink: initial;--order: initial;--align-self: initial;flex-direction: var(--flex-direction);flex-wrap: var(--flex-wrap);justify-content: var(--justify-content);align-items: var(--align-items);align-content: var(--align-content);gap: var(--gap);flex-basis: var(--flex-basis);flex-grow: var(--flex-grow);flex-shrink: var(--flex-shrink);align-self: var(--align-self);--widgets-spacing: 20px' data-id=\"8eb25bf\" data-element_type=\"widget\" data-settings='{\"ekit_we_effect_on\":\"none\"}' data-widget_type=\"heading.default\"><br \/>\n<div class=\"elementor-widget-container\"><br \/>\n<h2 class=\"elementor-heading-title elementor-size-default\"><u><em><font color=\"#ffffff\">KUSURSUZ D\u0130ZAYN<\/font><\/em><\/u><\/h2><\/div><\/div><br \/>\n<div class=\"elementor-element elementor-element-c607fbc elementor-widget elementor-widget-text-editor\" style='--flex-direction: initial;--flex-wrap: initial;--justify-content: initial;--align-items: initial;--align-content: initial;--gap: initial;--flex-basis: initial;--flex-grow: initial;--flex-shrink: initial;--order: initial;--align-self: initial;flex-direction: var(--flex-direction);flex-wrap: var(--flex-wrap);justify-content: var(--justify-content);align-items: var(--align-items);align-content: var(--align-content);gap: var(--gap);flex-basis: var(--flex-basis);flex-grow: var(--flex-grow);flex-shrink: var(--flex-shrink);align-self: var(--align-self);--widgets-spacing: 20px' data-id=\"c607fbc\" data-element_type=\"widget\" data-settings='{\"ekit_we_effect_on\":\"none\"}' data-widget_type=\"text-editor.default\"><br \/>\n<div class=\"elementor-widget-container\"><u><em><font color=\"#ffffff\">VG14FE Model Sizlere En \u0130yi Tasar\u0131m\u0131 Sunabilmesi \u0130\u00e7in Tasarlanm\u0131\u015ft\u0131r. \u00c7\u0131k\u0131nt\u0131l\u0131 \u00d6n Panel Tasar\u0131m\u0131 Ve \u00c7ekici RGB Led \u015eerit Tasar\u0131m\u0131 \u0130le Kasan\u0131z G\u00f6zler \u00d6n\u00fcnde.<\/font><\/em><\/u><\/div><\/div><br \/>\n<div class=\"elementor-element elementor-element-98aaebb elementor-widget elementor-widget-heading\" style='--flex-direction: initial;--flex-wrap: initial;--justify-content: initial;--align-items: initial;--align-content: initial;--gap: initial;--flex-basis: initial;--flex-grow: initial;--flex-shrink: initial;--order: initial;--align-self: initial;flex-direction: var(--flex-direction);flex-wrap: var(--flex-wrap);justify-content: var(--justify-content);align-items: var(--align-items);align-content: var(--align-content);gap: var(--gap);flex-basis: var(--flex-basis);flex-grow: var(--flex-grow);flex-shrink: var(--flex-shrink);align-self: var(--align-self);--widgets-spacing: 20px' data-id=\"98aaebb\" data-element_type=\"widget\" data-settings='{\"ekit_we_effect_on\":\"none\"}' data-widget_type=\"heading.default\"><br \/>\n<div class=\"elementor-widget-container\"><br \/>\n<h2 class=\"elementor-heading-title elementor-size-default\"><u><em><font color=\"#ffffff\">KULLANICI DOSTU<\/font><\/em><\/u><\/h2><\/div><\/div><br \/>\n<div class=\"elementor-element elementor-element-6690b4b elementor-widget elementor-widget-text-editor\" style='--flex-direction: initial;--flex-wrap: initial;--justify-content: initial;--align-items: initial;--align-content: initial;--gap: initial;--flex-basis: initial;--flex-grow: initial;--flex-shrink: initial;--order: initial;--align-self: initial;flex-direction: var(--flex-direction);flex-wrap: var(--flex-wrap);justify-content: var(--justify-content);align-items: var(--align-items);align-content: var(--align-content);gap: var(--gap);flex-basis: var(--flex-basis);flex-grow: var(--flex-grow);flex-shrink: var(--flex-shrink);align-self: var(--align-self);--widgets-spacing: 20px' data-id=\"6690b4b\" data-element_type=\"widget\" data-settings='{\"ekit_we_effect_on\":\"none\"}' data-widget_type=\"text-editor.default\"><br \/>\n<div class=\"elementor-widget-container\"><u><em><font color=\"#ffffff\">2 X USB 2.0 1 X USB 3.0 Giri\u015fleri, G\u00fc\u00e7 D\u00fc\u011fmesinin Yer Ald\u0131\u011f\u0131 Kontrol Paneli Ve \u00dcst\/Alt Toz Filtreleri \u0130le VG14FE Kasa Kullan\u0131c\u0131 Dostu \u00d6zellikler \u0130le Donat\u0131lm\u0131\u015ft\u0131r.<\/font><\/em><\/u><\/div><\/div><br \/>\n<p><br>&nbsp;<\/p><\/p>","protected":false},"excerpt":{"rendered":"<p>Geni\u015f Havaland\u0131rma Alanl\u0131 \u00d6n Panel RGB Kasan\u0131za En I\u015f\u0131lt\u0131l\u0131 Ortam\u0131 Hissettirecek.VG14FE 3x 12cm \u00f6n ve 1x 12cm arka RGB Fanlar\u0131 ile hem ayd\u0131nlatma performans\u0131nda hemde so\u011futma esnas\u0131nda en y\u00fcksek seviyeyi sunar. E\u015eS\u0130Z YAN CAM PANEL TASARIMI Yan Paneli Kaplayan \u00d6zel Cam Panel Sayesinde Sistem Bile\u015fenlerinizi Gururla Sergileyin. KUSURSUZ D\u0130ZAYN VG14FE Model Sizlere En \u0130yi Tasar\u0131m\u0131 [&hellip;]<\/p>","protected":false},"featured_media":1268,"comment_status":"open","ping_status":"closed","template":"","meta":[],"product_cat":[17],"product_tag":[57],"class_list":{"0":"post-1271","1":"product","2":"type-product","3":"status-publish","4":"has-post-thumbnail","6":"product_cat-genel","7":"product_tag-vento-vg14fe-bilgisayar-kas","9":"first","10":"outofstock","11":"shipping-taxable","12":"purchasable","13":"product-type-simple"},"acf":[],"_links":{"self":[{"href":"https:\/\/fspturkey.com\/en\/wp-json\/wp\/v2\/product\/1271","targetHints":{"allow":["GET"]}}],"collection":[{"href":"https:\/\/fspturkey.com\/en\/wp-json\/wp\/v2\/product"}],"about":[{"href":"https:\/\/fspturkey.com\/en\/wp-json\/wp\/v2\/types\/product"}],"replies":[{"embeddable":true,"href":"https:\/\/fspturkey.com\/en\/wp-json\/wp\/v2\/comments?post=1271"}],"wp:featuredmedia":[{"embeddable":true,"href":"https:\/\/fspturkey.com\/en\/wp-json\/wp\/v2\/media\/1268"}],"wp:attachment":[{"href":"https:\/\/fspturkey.com\/en\/wp-json\/wp\/v2\/media?parent=1271"}],"wp:term":[{"taxonomy":"product_cat","embeddable":true,"href":"https:\/\/fspturkey.com\/en\/wp-json\/wp\/v2\/product_cat?post=1271"},{"taxonomy":"product_tag","embeddable":true,"href":"https:\/\/fspturkey.com\/en\/wp-json\/wp\/v2\/product_tag?post=1271"}],"curies":[{"name":"wp","href":"https:\/\/api.w.org\/{rel}","templated":true}]}}