{"id":1259,"date":"2024-11-12T12:40:31","date_gmt":"2024-11-12T12:40:31","guid":{"rendered":"https:\/\/fspturkey.com\/urun\/redragon-s101-3-g-essent\/"},"modified":"2024-11-25T12:59:06","modified_gmt":"2024-11-25T12:59:06","slug":"redragon-s101-3-g-essent","status":"publish","type":"product","link":"https:\/\/fspturkey.com\/en\/product\/redragon-s101-3-g-essent\/","title":{"rendered":"REDRAGON S101-3 G.ESSENT"},"content":{"rendered":"<p><p><img fetchpriority=\"high\" decoding=\"async\" src=\"0\/\" width=\"627\" height=\"382\"><\/p><br \/>\n<ul><br \/>\n<li><span>OYUN KLAVYES\u0130 VE OYUN FARES\u0130: Redragon Premium RGB Arkadan Ayd\u0131nlatmal\u0131 Oyun Klavyesi ve K\u0131rm\u0131z\u0131 LED Arkadan Ayd\u0131nlatmal\u0131 Oyun Faresi i\u00e7erir. ALL-IN-ONE PC GAMER DE\u011eER K\u0130t\u0130, Oyuncular i\u00e7in Harika [Yeni Geli\u015ftirilmi\u015f S\u00fcr\u00fcm]<\/span><span class=\"ql-cursor\"><\/span><\/li><br \/>\n<li><span>RGB ARKADAN A\u015eA\u011eI OYUN KLAVYES\u0130: Redragon LED RGB Klavye: 4 arka \u0131\u015f\u0131k renk efekti, 5 seviye arka \u0131\u015f\u0131k nefes h\u0131z\u0131, 104 tu\u015flu Ergonomik tasar\u0131ml\u0131 klavye, \u00e7at\u0131\u015fmas\u0131z 25 tu\u015f, 12 multimedya tu\u015fu, h\u0131zl\u0131 y\u00f6netim i\u00e7in 8 ba\u011f\u0131ms\u0131z kontrol tu\u015fu, s\u0131\u00e7ramaya dayan\u0131kl\u0131, WIN tu\u015fu oyun oynamak i\u00e7in devre d\u0131\u015f\u0131 b\u0131rak\u0131labilir. Lazer oyma tu\u015flar, 1,5 metre y\u00fcksek h\u0131zl\u0131 USB kablosu, 3 mm \u00e7ap\u0131nda y\u00fcksek mukavemetli \u00f6rg\u00fcl\u00fc fiber kablo<\/span><\/li><br \/>\n<li><span>OYUN FARESI: Ergonomik Redragon M601 Centrophorus K\u0131rm\u0131z\u0131 Arkadan Ayd\u0131nlatmal\u0131 Bilgisayar Oyun Faresi. (LED kapat\u0131labilir)3200 DPI (1000\/1600\/2400\/3200 4 seviye DPI ayar\u0131), 4000 FPS, 15G ACC s\u00fcper h\u0131zl\u0131 oyun motoru<\/span><\/li><br \/>\n<li><span>6 D\u00dc\u011eMELI OYUN FARESI; Farenin 5 D\u00fc\u011fmesi programlanabilir. Klavye tu\u015f vuru\u015funu veya Multimedya veya Windows i\u015flevlerini, dahil edilen Yaz\u0131l\u0131m ile herhangi bir d\u00fc\u011fmeye kolayca atay\u0131n. 8 par\u00e7al\u0131 a\u011f\u0131rl\u0131k ayarlama seti (2,4g x 8) ile birlikte gelir. \u00dcst\u00fcn oyun kontrol\u00fc i\u00e7in dayan\u0131kl\u0131 p\u00fcr\u00fczs\u00fcz TEFLON ayaklar ve konturlu g\u00f6vde. Ergonomik Tasar\u0131ml\u0131 ve Kaliteli ABS konstr\u00fcksiyon<\/span><\/li><br \/>\n<li><span>PC OYUN FARESI VE KLAVYE UYUMLULU\u011eU: Windows 10, Windows 8, Windows 7, Windows Vista veya Windows XP, S\u0131n\u0131rl\u0131 Mac OS klavye deste\u011fi<\/span><\/li><\/ul><br \/>\n<p>&nbsp;<\/p><br \/>\n<p><strong>KETBOARD \u00d6zellikleri:<\/strong><\/p><br \/>\n<p>20 multimedya tu\u015funa ve de\u011fi\u015ftirilebilir arka \u0131\u015f\u0131k rengine sahip oyun klavyesi<\/p><br \/>\n<p>RGB arka \u0131\u015f\u0131k<\/p><br \/>\n<p>Arkadan ayd\u0131nlatma parlakl\u0131\u011f\u0131 ayar\u0131<\/p><br \/>\n<p>25 tu\u015flu rollover<\/p><br \/>\n<p>5 makro tu\u015flar\u0131<\/p><br \/>\n<p>Windows tu\u015fu kilidi<\/p><br \/>\n<p>Lazer oyma, asla a\u015f\u0131nmayan tu\u015f ba\u015fl\u0131klar\u0131<\/p><br \/>\n<p><strong>FARE \u00d6zellikleri:<\/strong><\/p><br \/>\n<p>3200 DPI<\/p><br \/>\n<p>10g akt\u00fcasyon kuvveti<\/p><br \/>\n<p>Dayan\u0131kl\u0131 p\u00fcr\u00fczs\u00fcz TEFLON besleme pedleri<\/p><br \/>\n<p>5 programlanabilir d\u00fc\u011fme<\/p><br \/>\n<p>8 ayar a\u011f\u0131rl\u0131\u011f\u0131<\/p><br \/>\n<p>Ayarlanabilir DPI-800\/1600\/2400\/3200\/<\/p><br \/>\n<p>10 millon t\u0131klama dayan\u0131kl\u0131l\u0131\u011f\u0131<\/p><\/p>","protected":false},"excerpt":{"rendered":"<p>OYUN KLAVYES\u0130 VE OYUN FARES\u0130: Redragon Premium RGB Arkadan Ayd\u0131nlatmal\u0131 Oyun Klavyesi ve K\u0131rm\u0131z\u0131 LED Arkadan Ayd\u0131nlatmal\u0131 Oyun Faresi i\u00e7erir. ALL-IN-ONE PC GAMER DE\u011eER K\u0130t\u0130, Oyuncular i\u00e7in Harika [Yeni Geli\u015ftirilmi\u015f S\u00fcr\u00fcm]\ufeff RGB ARKADAN A\u015eA\u011eI OYUN KLAVYES\u0130: Redragon LED RGB Klavye: 4 arka \u0131\u015f\u0131k renk efekti, 5 seviye arka \u0131\u015f\u0131k nefes h\u0131z\u0131, 104 tu\u015flu Ergonomik tasar\u0131ml\u0131 [&hellip;]<\/p>","protected":false},"featured_media":1251,"comment_status":"open","ping_status":"closed","template":"","meta":[],"product_cat":[17],"product_tag":[46],"class_list":{"0":"post-1259","1":"product","2":"type-product","3":"status-publish","4":"has-post-thumbnail","6":"product_cat-genel","7":"product_tag-redragon-s101-3-g-essent","9":"first","10":"outofstock","11":"shipping-taxable","12":"purchasable","13":"product-type-simple"},"acf":[],"_links":{"self":[{"href":"https:\/\/fspturkey.com\/en\/wp-json\/wp\/v2\/product\/1259","targetHints":{"allow":["GET"]}}],"collection":[{"href":"https:\/\/fspturkey.com\/en\/wp-json\/wp\/v2\/product"}],"about":[{"href":"https:\/\/fspturkey.com\/en\/wp-json\/wp\/v2\/types\/product"}],"replies":[{"embeddable":true,"href":"https:\/\/fspturkey.com\/en\/wp-json\/wp\/v2\/comments?post=1259"}],"wp:featuredmedia":[{"embeddable":true,"href":"https:\/\/fspturkey.com\/en\/wp-json\/wp\/v2\/media\/1251"}],"wp:attachment":[{"href":"https:\/\/fspturkey.com\/en\/wp-json\/wp\/v2\/media?parent=1259"}],"wp:term":[{"taxonomy":"product_cat","embeddable":true,"href":"https:\/\/fspturkey.com\/en\/wp-json\/wp\/v2\/product_cat?post=1259"},{"taxonomy":"product_tag","embeddable":true,"href":"https:\/\/fspturkey.com\/en\/wp-json\/wp\/v2\/product_tag?post=1259"}],"curies":[{"name":"wp","href":"https:\/\/api.w.org\/{rel}","templated":true}]}}