{"id":1242,"date":"2024-11-12T12:39:55","date_gmt":"2024-11-12T12:39:55","guid":{"rendered":"https:\/\/fspturkey.com\/urun\/redragon-m711-fps-cobra\/"},"modified":"2024-11-25T12:58:50","modified_gmt":"2024-11-25T12:58:50","slug":"redragon-m711-fps-cobra","status":"publish","type":"product","link":"https:\/\/fspturkey.com\/en\/product\/redragon-m711-fps-cobra\/","title":{"rendered":"REDRAGON M711-FPS COBRA"},"content":{"rendered":"<p><p>COBRA (M711-FPS)<\/p><br \/>\n<p><strong><\/strong>&nbsp;<\/p><br \/>\n<p>PRO FPS OYUN MOUSE: Geli\u015fmi\u015f Pixart 3360 optik oyun sens\u00f6r\u00fc, piksel hassas hedefleme ve 100 ila 24.000 DPI aral\u0131\u011f\u0131n\u0131n tamam\u0131nda y\u00fcksek h\u0131zl\u0131 manevralar i\u00e7in her el h\u0131z\u0131nda ola\u011fan\u00fcst\u00fc izleme do\u011frulu\u011fu sunar. 12000FPS, 50G ACC, 1000HZ yoklama oran\u0131, 250IPS ile FPS oyunlar\u0131 i\u00e7in m\u00fckemmeldir.<\/p><br \/>\n<p>DPI&nbsp;DPI SE\u00c7ENEKLER\u0130 VE \u00d6ZELLE\u015eT\u0130R\u0130LM\u0130\u015e FONKS\u0130YON &#8211; 5 ayarlanabilir DPI seviyesi (1000, 2000, 4000, 8000, 12000) g\u00fcnl\u00fck i\u015f veya oyun i\u00e7in t\u00fcm ihtiya\u00e7lar\u0131n\u0131z\u0131 kar\u015f\u0131lar. 5 bellek modu, favori oyunlar\u0131n\u0131z i\u00e7in \u00f6zel komutlar\u0131n kurulumunu ve saklanmas\u0131n\u0131 kolayla\u015ft\u0131r\u0131r.<\/p><br \/>\n<p>PROGRAMLANAB\u0130L\u0130R D\u00dc\u011eMELER ve RGB LED \u20137 (9 \u00fczerinden 7) programlanabilir d\u00fc\u011fme, \u00fcst\u00fcn verimlilik sa\u011flar.<\/p><br \/>\n<p>&nbsp;KONFOR VE HASSAS\u0130YET ELLER\u0130N\u0130ZDE &#8211; M711-FPS RGB oyun faresi, profesyonel eller i\u00e7in benzersiz tasar\u0131m\u0131 ile zorlu oyuncular i\u00e7in vazge\u00e7ilmez bir bilgisayar aksesuar\u0131d\u0131r! Ba\u015fkalar\u0131n\u0131 rahats\u0131z etmeden harika bir t\u0131klama deneyiminin tad\u0131n\u0131 \u00e7\u0131karabilirsiniz. Ofiste, k\u00fct\u00fcphanede, yurtta veya istedi\u011finiz her yerde en uygun se\u00e7imdir.<\/p><br \/>\n<p>&nbsp;\u0130ster hedefliyor, ni\u015fan al\u0131yor, e\u011fiyor ya da sald\u0131r\u0131yor olun, profesyonel bir oyun faresi en iyi silah\u0131n\u0131zd\u0131r! Fare sizin ideal orta\u011f\u0131n\u0131z olacak.<\/p><br \/>\n<p>Programlanabilir kullan\u0131m i\u00e7in Windows 2000 \/ ME \/ XP \/ 03 \/ VISTA \/ 7\/8\/10 sistemi ve normal kullan\u0131m i\u00e7in Mac OS ile m\u00fckemmel uyumludur.<\/p><br \/>\n<p>FPS oyunlar\u0131 i\u00e7in ideal olan Redragon M711-FPS COBRA RGB, geli\u015fmi\u015f izleme ve hassas kontrol i\u00e7in y\u00fcksek h\u0131zl\u0131 hareket alg\u0131lama \u00f6zelli\u011fine sahip 24000 DPI optik oyun sens\u00f6r\u00fcne sahiptir.<\/p><br \/>\n<p><br><\/p><br \/>\n<p>Teknik \u00d6zellikler<\/p><br \/>\n<p>DPI 100 ila 24000 aras\u0131nda 100 ile serbest\u00e7e ayarlanabilir.<\/p><br \/>\n<p>7 programlanabilir d\u00fc\u011fme<\/p><br \/>\n<p>DPI Anahtar\u0131 modu 1: 1000\/2000\/4000\/8000\/12000&#8242;<\/p><br \/>\n<p>D\u00fc\u011fmeler: 7 (9 \u00fczerinden 7) \u00f6zelle\u015ftirilebilir<\/p><br \/>\n<p>Sens\u00f6r: Optik<\/p><br \/>\n<p>Aray\u00fcz: USB 2.0 tam h\u0131z. 3.0<\/p><br \/>\n<p>Boyut: 5,0 x 2,6 x 1,6 in\u00e7<\/p><br \/>\n<p>USB Uzunlu\u011fu: 1.8M \u00f6rg\u00fcl\u00fc fiber kablo<\/p><\/p>","protected":false},"excerpt":{"rendered":"<p>COBRA (M711-FPS) &nbsp; PRO FPS OYUN MOUSE: Geli\u015fmi\u015f Pixart 3360 optik oyun sens\u00f6r\u00fc, piksel hassas hedefleme ve 100 ila 24.000 DPI aral\u0131\u011f\u0131n\u0131n tamam\u0131nda y\u00fcksek h\u0131zl\u0131 manevralar i\u00e7in her el h\u0131z\u0131nda ola\u011fan\u00fcst\u00fc izleme do\u011frulu\u011fu sunar. 12000FPS, 50G ACC, 1000HZ yoklama oran\u0131, 250IPS ile FPS oyunlar\u0131 i\u00e7in m\u00fckemmeldir. DPI&nbsp;DPI SE\u00c7ENEKLER\u0130 VE \u00d6ZELLE\u015eT\u0130R\u0130LM\u0130\u015e FONKS\u0130YON &#8211; 5 ayarlanabilir DPI [&hellip;]<\/p>","protected":false},"featured_media":1235,"comment_status":"open","ping_status":"closed","template":"","meta":[],"product_cat":[17],"product_tag":[43],"class_list":{"0":"post-1242","1":"product","2":"type-product","3":"status-publish","4":"has-post-thumbnail","6":"product_cat-genel","7":"product_tag-redragon-m711-fps-cobra","9":"first","10":"outofstock","11":"shipping-taxable","12":"purchasable","13":"product-type-simple"},"acf":[],"_links":{"self":[{"href":"https:\/\/fspturkey.com\/en\/wp-json\/wp\/v2\/product\/1242","targetHints":{"allow":["GET"]}}],"collection":[{"href":"https:\/\/fspturkey.com\/en\/wp-json\/wp\/v2\/product"}],"about":[{"href":"https:\/\/fspturkey.com\/en\/wp-json\/wp\/v2\/types\/product"}],"replies":[{"embeddable":true,"href":"https:\/\/fspturkey.com\/en\/wp-json\/wp\/v2\/comments?post=1242"}],"wp:featuredmedia":[{"embeddable":true,"href":"https:\/\/fspturkey.com\/en\/wp-json\/wp\/v2\/media\/1235"}],"wp:attachment":[{"href":"https:\/\/fspturkey.com\/en\/wp-json\/wp\/v2\/media?parent=1242"}],"wp:term":[{"taxonomy":"product_cat","embeddable":true,"href":"https:\/\/fspturkey.com\/en\/wp-json\/wp\/v2\/product_cat?post=1242"},{"taxonomy":"product_tag","embeddable":true,"href":"https:\/\/fspturkey.com\/en\/wp-json\/wp\/v2\/product_tag?post=1242"}],"curies":[{"name":"wp","href":"https:\/\/api.w.org\/{rel}","templated":true}]}}