{"id":1210,"date":"2024-11-12T12:38:52","date_gmt":"2024-11-12T12:38:52","guid":{"rendered":"https:\/\/fspturkey.com\/urun\/redragon-h120-ares\/"},"modified":"2024-11-25T12:58:16","modified_gmt":"2024-11-25T12:58:16","slug":"redragon-h120-ares","status":"publish","type":"product","link":"https:\/\/fspturkey.com\/en\/product\/redragon-h120-ares\/","title":{"rendered":"REDRAGON H120 ARES"},"content":{"rendered":"<p><p>ARES (H120)<\/p><br \/>\n<p>&nbsp;<\/p><br \/>\n<p><strong><\/strong>&nbsp;<\/p><br \/>\n<p>Redragon H120 Ares Oyun Kulakl\u0131\u011f\u0131, Kristal Net Ses ve M\u00fckemmel G\u00fcr\u00fclt\u00fc Yal\u0131t\u0131m\u0131 \u00f6zelli\u011fine sahip olup, oyun oturumunuza tamamen dalman\u0131z\u0131 sa\u011flar.<\/p><br \/>\n<p>103dB hassasiyete sahip 40 mm neodimyum y\u00f6nl\u00fc s\u00fcr\u00fcc\u00fcler a\u015f\u0131r\u0131 ses hassasiyeti sunarken, yumu\u015fak yast\u0131kl\u0131 kulakl\u0131klar geli\u015fmi\u015f pasif g\u00fcr\u00fclt\u00fc yal\u0131t\u0131m\u0131 sa\u011flar.<\/p><br \/>\n<p>Kulakl\u0131k, m\u00fckemmel oturmas\u0131 i\u00e7in ayarlanabilir kafa band\u0131na sahip d\u00fc\u015f\u00fck a\u011f\u0131rl\u0131\u011f\u0131&nbsp;ile uzun s\u00fcreli oyun oturumlar\u0131 i\u00e7in m\u00fckemmel konfor sunmaktad\u0131r.<\/p><br \/>\n<p>&nbsp;<\/p><br \/>\n<p>Teknik \u00d6zellikler<\/p><br \/>\n<p><br><\/p><br \/>\n<p>&#8211; \u00c7\u0131k\u0131\u015f tipi: Stereo<\/p><br \/>\n<p>&#8211; Kulakl\u0131k tipi:&nbsp;\u00c7evresel: Bu tip kulakl\u0131klar tamamen kula\u011f\u0131 \u00e7evreleyen bir yere yerle\u015ftirilir.<\/p><br \/>\n<p>&#8211; Kafa Band\u0131 Malzemesi: Plastik, yumu\u015fak ve dayan\u0131kl\u0131 kuma\u015fla kaplanm\u0131\u015ft\u0131r.<\/p><br \/>\n<p>&#8211; Titre\u015fim: Hay\u0131r<\/p><br \/>\n<p>&#8211; Tepki Frekans\u0131 20 &#8211; 20k Hz<\/p><br \/>\n<p>&#8211; Empedans: 32 Ohm<\/p><br \/>\n<p>&#8211; Diyafram \u00e7ap\u0131: 40 mm neodim m\u0131knat\u0131slarla<\/p><br \/>\n<p>&#8211; Hassasiyet: 113 dB<\/p><br \/>\n<p><br><\/p><br \/>\n<p><span>2 Y\u0131l Garanti.<\/span><\/p><\/p>","protected":false},"excerpt":{"rendered":"<p>ARES (H120) &nbsp; &nbsp; Redragon H120 Ares Oyun Kulakl\u0131\u011f\u0131, Kristal Net Ses ve M\u00fckemmel G\u00fcr\u00fclt\u00fc Yal\u0131t\u0131m\u0131 \u00f6zelli\u011fine sahip olup, oyun oturumunuza tamamen dalman\u0131z\u0131 sa\u011flar. 103dB hassasiyete sahip 40 mm neodimyum y\u00f6nl\u00fc s\u00fcr\u00fcc\u00fcler a\u015f\u0131r\u0131 ses hassasiyeti sunarken, yumu\u015fak yast\u0131kl\u0131 kulakl\u0131klar geli\u015fmi\u015f pasif g\u00fcr\u00fclt\u00fc yal\u0131t\u0131m\u0131 sa\u011flar. Kulakl\u0131k, m\u00fckemmel oturmas\u0131 i\u00e7in ayarlanabilir kafa band\u0131na sahip d\u00fc\u015f\u00fck a\u011f\u0131rl\u0131\u011f\u0131&nbsp;ile uzun [&hellip;]<\/p>","protected":false},"featured_media":1202,"comment_status":"open","ping_status":"closed","template":"","meta":[],"product_cat":[17],"product_tag":[39],"class_list":{"0":"post-1210","1":"product","2":"type-product","3":"status-publish","4":"has-post-thumbnail","6":"product_cat-genel","7":"product_tag-redragon-h120-ares","9":"first","10":"outofstock","11":"shipping-taxable","12":"purchasable","13":"product-type-simple"},"acf":[],"_links":{"self":[{"href":"https:\/\/fspturkey.com\/en\/wp-json\/wp\/v2\/product\/1210","targetHints":{"allow":["GET"]}}],"collection":[{"href":"https:\/\/fspturkey.com\/en\/wp-json\/wp\/v2\/product"}],"about":[{"href":"https:\/\/fspturkey.com\/en\/wp-json\/wp\/v2\/types\/product"}],"replies":[{"embeddable":true,"href":"https:\/\/fspturkey.com\/en\/wp-json\/wp\/v2\/comments?post=1210"}],"wp:featuredmedia":[{"embeddable":true,"href":"https:\/\/fspturkey.com\/en\/wp-json\/wp\/v2\/media\/1202"}],"wp:attachment":[{"href":"https:\/\/fspturkey.com\/en\/wp-json\/wp\/v2\/media?parent=1210"}],"wp:term":[{"taxonomy":"product_cat","embeddable":true,"href":"https:\/\/fspturkey.com\/en\/wp-json\/wp\/v2\/product_cat?post=1210"},{"taxonomy":"product_tag","embeddable":true,"href":"https:\/\/fspturkey.com\/en\/wp-json\/wp\/v2\/product_tag?post=1210"}],"curies":[{"name":"wp","href":"https:\/\/api.w.org\/{rel}","templated":true}]}}