{"id":1192,"date":"2024-11-12T12:38:21","date_gmt":"2024-11-12T12:38:21","guid":{"rendered":"https:\/\/fspturkey.com\/urun\/aqua-elite-360-white-argb-v3-sivi-islemci-sogutucu\/"},"modified":"2024-11-25T12:57:33","modified_gmt":"2024-11-25T12:57:33","slug":"aqua-elite-360-white-argb-v3-sivi-islemci-sogutucu","status":"publish","type":"product","link":"https:\/\/fspturkey.com\/en\/product\/aqua-elite-360-white-argb-v3-sivi-islemci-sogutucu\/","title":{"rendered":"Aqua Elite 360 White ARGB V3 S\u0131v\u0131 \u0130\u015flemci So\u011futucu"},"content":{"rendered":"<p><p align=\"center\"><strong>Aqua Elite 360 BEYAZ V3<\/strong><br>Intel: LGA115X\/1200\/1700\/2011\/2066<br>AMD:AM4\/AM5<br>\u015eartname:<br>Pompa Boyutlar\u0131: G62 mm x D62 mm x Y53 mm<br>Pompa Nominal H\u0131z\u0131: 3300 RPM\u00b110% (MAKS.)<br>Pompa G\u00fcr\u00fclt\u00fc Seviyesi: 23 dBA(MAX)<br>Pompa G\u00fc\u00e7 T\u00fcketimi: 4,8W (MAKS)<br>Pompa Anma Gerilimi: 12V DC<br>Amper: 0,4\u00b110% A<br>Ba\u011flay\u0131c\u0131: 4 PIN PWM<br>ARGB Konekt\u00f6r\u00fc: 3 PIN 5V<br>Radyat\u00f6r: Al\u00fcminyum<br>Pompa MTTF: 40000 Saat<br>Garanti:&nbsp;2 Y\u0131l<br>\u00dcr\u00fcn A\u00e7\u0131klamas\u0131<br>TL-C12W-S V2 \u00d6ZELL\u0130KLER\u0130:<br>Boyut: U120 mm x G120 mm x Y25 mm<br>A\u011f\u0131rl\u0131k: 135 gr<br>Nominal H\u0131z: 1500 RPM\u00b110% (MAKS.)<br>G\u00fcr\u00fclt\u00fc Seviyesi: 25,6 dBA (MAKS)<br>Hava Ak\u0131\u015f\u0131: 66,17 CFM (MAKS)<br>Hava Bas\u0131nc\u0131: 1,53 mm H2O (MAKS.)<br>Amper: 0,2 A<br>Ba\u011flay\u0131c\u0131: 4 PIN PWM<br>ARGB Konekt\u00f6r\u00fc: 3 PIN 5V<br>Rulman Tipi: S-FDB Rulman<\/p><\/p>","protected":false},"excerpt":{"rendered":"<p>Aqua Elite 360 BEYAZ V3Intel: LGA115X\/1200\/1700\/2011\/2066AMD:AM4\/AM5\u015eartname:Pompa Boyutlar\u0131: G62 mm x D62 mm x Y53 mmPompa Nominal H\u0131z\u0131: 3300 RPM\u00b110% (MAKS.)Pompa G\u00fcr\u00fclt\u00fc Seviyesi: 23 dBA(MAX)Pompa G\u00fc\u00e7 T\u00fcketimi: 4,8W (MAKS)Pompa Anma Gerilimi: 12V DCAmper: 0,4\u00b110% ABa\u011flay\u0131c\u0131: 4 PIN PWMARGB Konekt\u00f6r\u00fc: 3 PIN 5VRadyat\u00f6r: Al\u00fcminyumPompa MTTF: 40000 SaatGaranti:&nbsp;2 Y\u0131l\u00dcr\u00fcn A\u00e7\u0131klamas\u0131TL-C12W-S V2 \u00d6ZELL\u0130KLER\u0130:Boyut: U120 mm x G120 mm x [&hellip;]<\/p>","protected":false},"featured_media":1184,"comment_status":"open","ping_status":"closed","template":"","meta":[],"product_cat":[17],"product_tag":[98],"class_list":{"0":"post-1192","1":"product","2":"type-product","3":"status-publish","4":"has-post-thumbnail","6":"product_cat-genel","7":"product_tag-aqua-elite-360-white-argb-v","9":"first","10":"instock","11":"shipping-taxable","12":"purchasable","13":"product-type-simple"},"acf":[],"_links":{"self":[{"href":"https:\/\/fspturkey.com\/en\/wp-json\/wp\/v2\/product\/1192","targetHints":{"allow":["GET"]}}],"collection":[{"href":"https:\/\/fspturkey.com\/en\/wp-json\/wp\/v2\/product"}],"about":[{"href":"https:\/\/fspturkey.com\/en\/wp-json\/wp\/v2\/types\/product"}],"replies":[{"embeddable":true,"href":"https:\/\/fspturkey.com\/en\/wp-json\/wp\/v2\/comments?post=1192"}],"wp:featuredmedia":[{"embeddable":true,"href":"https:\/\/fspturkey.com\/en\/wp-json\/wp\/v2\/media\/1184"}],"wp:attachment":[{"href":"https:\/\/fspturkey.com\/en\/wp-json\/wp\/v2\/media?parent=1192"}],"wp:term":[{"taxonomy":"product_cat","embeddable":true,"href":"https:\/\/fspturkey.com\/en\/wp-json\/wp\/v2\/product_cat?post=1192"},{"taxonomy":"product_tag","embeddable":true,"href":"https:\/\/fspturkey.com\/en\/wp-json\/wp\/v2\/product_tag?post=1192"}],"curies":[{"name":"wp","href":"https:\/\/api.w.org\/{rel}","templated":true}]}}