{"id":1180,"date":"2024-11-12T12:37:56","date_gmt":"2024-11-12T12:37:56","guid":{"rendered":"https:\/\/fspturkey.com\/urun\/usbcube-sarj-adaptoru-2-adet-usb-c-2-adet-usb-a\/"},"modified":"2026-01-30T18:31:43","modified_gmt":"2026-01-30T18:31:43","slug":"usbcube-sarj-adaptoru-2-adet-usb-c-2-adet-usb-a","status":"publish","type":"product","link":"https:\/\/fspturkey.com\/en\/product\/usbcube-sarj-adaptoru-2-adet-usb-c-2-adet-usb-a\/","title":{"rendered":"USBCUBE Sarj Adapt\u00f6r\u00fc 2 Adet USB-C 2 Adet USB-A"},"content":{"rendered":"<p><p>USBCUBE 4 adet giri\u015f portu&nbsp;mevcuttur.\u00c7\u0131k\u0131\u015f\u0131 5V 3A (her biri 3A Maks) Fi\u015f tipi Tip C G\u00fc\u00e7 giri\u015fi 100-240V~ 50\/60Hz 0,4A G\u00fcvenlik \u00f6nlemleri K\u0131sa devre korumas\u0131, a\u015f\u0131r\u0131 ak\u0131m korumas\u0131, a\u015f\u0131r\u0131 gerilim korumas\u0131.<\/p><\/p>","protected":false},"excerpt":{"rendered":"<p>USBCUBE 4 adet giri\u015f portu&nbsp;mevcuttur.\u00c7\u0131k\u0131\u015f\u0131 5V 3A (her biri 3A Maks) Fi\u015f tipi Tip C G\u00fc\u00e7 giri\u015fi 100-240V~ 50\/60Hz 0,4A G\u00fcvenlik \u00f6nlemleri K\u0131sa devre korumas\u0131, a\u015f\u0131r\u0131 ak\u0131m korumas\u0131, a\u015f\u0131r\u0131 gerilim korumas\u0131.<\/p>","protected":false},"featured_media":1176,"comment_status":"open","ping_status":"closed","template":"","meta":[],"product_cat":[17],"product_tag":[24],"class_list":{"0":"post-1180","1":"product","2":"type-product","3":"status-publish","4":"has-post-thumbnail","6":"product_cat-genel","7":"product_tag-usbcube-sarj-adaptoru-2-ade","9":"first","10":"instock","11":"shipping-taxable","12":"purchasable","13":"product-type-simple"},"acf":[],"_links":{"self":[{"href":"https:\/\/fspturkey.com\/en\/wp-json\/wp\/v2\/product\/1180","targetHints":{"allow":["GET"]}}],"collection":[{"href":"https:\/\/fspturkey.com\/en\/wp-json\/wp\/v2\/product"}],"about":[{"href":"https:\/\/fspturkey.com\/en\/wp-json\/wp\/v2\/types\/product"}],"replies":[{"embeddable":true,"href":"https:\/\/fspturkey.com\/en\/wp-json\/wp\/v2\/comments?post=1180"}],"wp:featuredmedia":[{"embeddable":true,"href":"https:\/\/fspturkey.com\/en\/wp-json\/wp\/v2\/media\/1176"}],"wp:attachment":[{"href":"https:\/\/fspturkey.com\/en\/wp-json\/wp\/v2\/media?parent=1180"}],"wp:term":[{"taxonomy":"product_cat","embeddable":true,"href":"https:\/\/fspturkey.com\/en\/wp-json\/wp\/v2\/product_cat?post=1180"},{"taxonomy":"product_tag","embeddable":true,"href":"https:\/\/fspturkey.com\/en\/wp-json\/wp\/v2\/product_tag?post=1180"}],"curies":[{"name":"wp","href":"https:\/\/api.w.org\/{rel}","templated":true}]}}