{"id":1175,"date":"2024-11-12T12:37:48","date_gmt":"2024-11-12T12:37:48","guid":{"rendered":"https:\/\/fspturkey.com\/urun\/powercube-5li-1-5-metre-uzatma-kablolu-priz-coklayici-mavi\/"},"modified":"2024-11-25T12:57:41","modified_gmt":"2024-11-25T12:57:41","slug":"powercube-5li-1-5-metre-uzatma-kablolu-priz-coklayici-mavi","status":"publish","type":"product","link":"https:\/\/fspturkey.com\/en\/product\/powercube-5li-1-5-metre-uzatma-kablolu-priz-coklayici-mavi\/","title":{"rendered":"PowerCube 5&#8217;li 1.5 metre Uzatma Kablolu  Priz \u00c7oklay\u0131c\u0131 &#8211; Mavi"},"content":{"rendered":"<p><span>PowerCube Original&nbsp;1.5 metre kablolu: &nbsp;Grup prizlerde s\u0131kl\u0131kla ya\u015fad\u0131\u011f\u0131m\u0131z adapt\u00f6rlerin birbirini bloklamas\u0131 problemine \u00e7\u00f6z\u00fcm getirmektedir. \u00b7 Patentli ve reddot design \u00f6d\u00fcll\u00fc k\u00fcp \u015feklindeki kompakt dizayn\u0131 sayesinde priz \u00e7oklay\u0131c\u0131n\u0131zda kullanaca\u011f\u0131n\u0131z adapt\u00f6rlerin birbirini engellemeden b\u00fct\u00fcn priz \u00e7\u0131k\u0131\u015flar\u0131n\u0131 kullanman\u0131za olanak verir.<\/span><\/p>","protected":false},"excerpt":{"rendered":"<p>PowerCube Original&nbsp;1.5 metre kablolu: &nbsp;Grup prizlerde s\u0131kl\u0131kla ya\u015fad\u0131\u011f\u0131m\u0131z adapt\u00f6rlerin birbirini bloklamas\u0131 problemine \u00e7\u00f6z\u00fcm getirmektedir. \u00b7 Patentli ve reddot design \u00f6d\u00fcll\u00fc k\u00fcp \u015feklindeki kompakt dizayn\u0131 sayesinde priz \u00e7oklay\u0131c\u0131n\u0131zda kullanaca\u011f\u0131n\u0131z adapt\u00f6rlerin birbirini engellemeden b\u00fct\u00fcn priz \u00e7\u0131k\u0131\u015flar\u0131n\u0131 kullanman\u0131za olanak verir.<\/p>","protected":false},"featured_media":1171,"comment_status":"open","ping_status":"closed","template":"","meta":[],"product_cat":[17],"product_tag":[36],"class_list":{"0":"post-1175","1":"product","2":"type-product","3":"status-publish","4":"has-post-thumbnail","6":"product_cat-genel","7":"product_tag-powercube-5-li-1-5-metre-uz","9":"first","10":"outofstock","11":"shipping-taxable","12":"purchasable","13":"product-type-simple"},"acf":[],"_links":{"self":[{"href":"https:\/\/fspturkey.com\/en\/wp-json\/wp\/v2\/product\/1175","targetHints":{"allow":["GET"]}}],"collection":[{"href":"https:\/\/fspturkey.com\/en\/wp-json\/wp\/v2\/product"}],"about":[{"href":"https:\/\/fspturkey.com\/en\/wp-json\/wp\/v2\/types\/product"}],"replies":[{"embeddable":true,"href":"https:\/\/fspturkey.com\/en\/wp-json\/wp\/v2\/comments?post=1175"}],"wp:featuredmedia":[{"embeddable":true,"href":"https:\/\/fspturkey.com\/en\/wp-json\/wp\/v2\/media\/1171"}],"wp:attachment":[{"href":"https:\/\/fspturkey.com\/en\/wp-json\/wp\/v2\/media?parent=1175"}],"wp:term":[{"taxonomy":"product_cat","embeddable":true,"href":"https:\/\/fspturkey.com\/en\/wp-json\/wp\/v2\/product_cat?post=1175"},{"taxonomy":"product_tag","embeddable":true,"href":"https:\/\/fspturkey.com\/en\/wp-json\/wp\/v2\/product_tag?post=1175"}],"curies":[{"name":"wp","href":"https:\/\/api.w.org\/{rel}","templated":true}]}}