{"id":1170,"date":"2024-11-12T12:37:40","date_gmt":"2024-11-12T12:37:40","guid":{"rendered":"https:\/\/fspturkey.com\/urun\/aqua-elite-240-black-argb-sivi-islemci-sogutucu\/"},"modified":"2024-11-25T12:57:24","modified_gmt":"2024-11-25T12:57:24","slug":"aqua-elite-240-black-argb-sivi-islemci-sogutucu","status":"publish","type":"product","link":"https:\/\/fspturkey.com\/en\/product\/aqua-elite-240-black-argb-sivi-islemci-sogutucu\/","title":{"rendered":"Aqua Elite 240 Black ARGB S\u0131v\u0131 \u0130\u015flemci So\u011futucu"},"content":{"rendered":"<p><h2>Thermalright Aqua Elite 240 Siyah ARGB S\u0131v\u0131 \u0130\u015flemci So\u011futucu<\/h2><br \/>\n<p>&nbsp;<\/p><br \/>\n<p>Soket Deste\u011fi: Intel\uff1aLGA115X\/1200\/1700\/2011\/2066,&nbsp; AMD\uff1aFM1\/FM2\/FM2+\/AM2\/AM2+\/AM3\/AM3+\/AM4\/AM5<\/p><br \/>\n<p>Pompa Boyutlar\u0131: 72 x 72 x 48 mm<\/p><br \/>\n<p>Pompa H\u0131z\u0131: 2600 RPM \u00b110% (MAX)<\/p><br \/>\n<p>Pompa Ses Seviyesi: 30 dBA (MAX)<\/p><br \/>\n<p>Pompa G\u00fc\u00e7 T\u00fcketimi: 3W<\/p><br \/>\n<p>Ba\u011flant\u0131: 4 pin PWM<\/p><br \/>\n<p>ARGB: 3pin 5V<\/p><br \/>\n<p>&nbsp;<\/p><br \/>\n<p>Fanlar: TL-C212C-S<\/p><br \/>\n<p>Boyutlar: 120 x 120 x 25 mm<\/p><br \/>\n<p>Fan Devir H\u0131z\u0131: 1550 RPM \u00b110% (MAX)<\/p><br \/>\n<p>Fan Ses Seviyesi: 25.6 dBA<\/p><br \/>\n<p>Hava Ak\u0131\u015f G\u00fcc\u00fc: 66.17 CFM<\/p><br \/>\n<p>Statik Bas\u0131n\u00e7: 1.53 mm H2O<\/p><br \/>\n<p>Ba\u011flant\u0131: 4 pin PWM<\/p><br \/>\n<p>ARGB: 3pin 5V<\/p><br \/>\n<p>&nbsp;<\/p><br \/>\n<p>Radyat\u00f6r Uzunlu\u011fu: 287 mm<\/p><br \/>\n<p>Radyat\u00f6r Geni\u015fli\u011fi: 27mm<\/p><br \/>\n<p>Hortum Uzunlu\u011fu: 45mm&nbsp;<\/p><\/p>","protected":false},"excerpt":{"rendered":"<p><img border=\"0\" hspace=\"0\" alt=\"\" src=\"\/Users\/fspturkey\/Desktop\/AQUA%20EL\u0130TE%20240.jpg\" align=\"baseline\"><\/p>","protected":false},"featured_media":1166,"comment_status":"open","ping_status":"closed","template":"","meta":[],"product_cat":[17],"product_tag":[100],"class_list":{"0":"post-1170","1":"product","2":"type-product","3":"status-publish","4":"has-post-thumbnail","6":"product_cat-genel","7":"product_tag-aqua-elite-240-black-argb-s","9":"first","10":"outofstock","11":"shipping-taxable","12":"purchasable","13":"product-type-simple"},"acf":[],"_links":{"self":[{"href":"https:\/\/fspturkey.com\/en\/wp-json\/wp\/v2\/product\/1170","targetHints":{"allow":["GET"]}}],"collection":[{"href":"https:\/\/fspturkey.com\/en\/wp-json\/wp\/v2\/product"}],"about":[{"href":"https:\/\/fspturkey.com\/en\/wp-json\/wp\/v2\/types\/product"}],"replies":[{"embeddable":true,"href":"https:\/\/fspturkey.com\/en\/wp-json\/wp\/v2\/comments?post=1170"}],"wp:featuredmedia":[{"embeddable":true,"href":"https:\/\/fspturkey.com\/en\/wp-json\/wp\/v2\/media\/1166"}],"wp:attachment":[{"href":"https:\/\/fspturkey.com\/en\/wp-json\/wp\/v2\/media?parent=1170"}],"wp:term":[{"taxonomy":"product_cat","embeddable":true,"href":"https:\/\/fspturkey.com\/en\/wp-json\/wp\/v2\/product_cat?post=1170"},{"taxonomy":"product_tag","embeddable":true,"href":"https:\/\/fspturkey.com\/en\/wp-json\/wp\/v2\/product_tag?post=1170"}],"curies":[{"name":"wp","href":"https:\/\/api.w.org\/{rel}","templated":true}]}}