{"id":1159,"date":"2024-11-12T12:37:15","date_gmt":"2024-11-12T12:37:15","guid":{"rendered":"https:\/\/fspturkey.com\/urun\/usbcable-3in1-usb-coklu-sarj-kablosu-apple-android-type-c-yesil\/"},"modified":"2024-11-25T12:57:16","modified_gmt":"2024-11-25T12:57:16","slug":"usbcable-3in1-usb-coklu-sarj-kablosu-apple-android-type-c-yesil","status":"publish","type":"product","link":"https:\/\/fspturkey.com\/en\/product\/usbcable-3in1-usb-coklu-sarj-kablosu-apple-android-type-c-yesil\/","title":{"rendered":"USBCABLE 3in1 Usb \u00c7oklu \u015earj Kablosu Apple \/ Android\/ Type-C &#8211; Ye\u015fil"},"content":{"rendered":"<p><h4 class=\"a-spacing-mini\">Evrensel Uyumluluk<\/h4><br \/>\n<p>Lightning konekt\u00f6r\u00fc kullanan cihazlar i\u00e7in ek olarak diz\u00fcst\u00fc bilgisayarlar, telefonlar, oyun sistemleri ve daha fazlas\u0131yla tam uyumluluk i\u00e7in \u00fcretildi.<\/p><br \/>\n<p>&nbsp;<\/p><\/p>","protected":false},"excerpt":{"rendered":"<p>Evrensel Uyumluluk Lightning konekt\u00f6r\u00fc kullanan cihazlar i\u00e7in ek olarak diz\u00fcst\u00fc bilgisayarlar, telefonlar, oyun sistemleri ve daha fazlas\u0131yla tam uyumluluk i\u00e7in \u00fcretildi. &nbsp;<\/p>","protected":false},"featured_media":1157,"comment_status":"open","ping_status":"closed","template":"","meta":[],"product_cat":[17],"product_tag":[19],"class_list":{"0":"post-1159","1":"product","2":"type-product","3":"status-publish","4":"has-post-thumbnail","6":"product_cat-genel","7":"product_tag-usbcable-3in1-usb-coklu-sar","9":"first","10":"instock","11":"shipping-taxable","12":"purchasable","13":"product-type-simple"},"acf":[],"_links":{"self":[{"href":"https:\/\/fspturkey.com\/en\/wp-json\/wp\/v2\/product\/1159","targetHints":{"allow":["GET"]}}],"collection":[{"href":"https:\/\/fspturkey.com\/en\/wp-json\/wp\/v2\/product"}],"about":[{"href":"https:\/\/fspturkey.com\/en\/wp-json\/wp\/v2\/types\/product"}],"replies":[{"embeddable":true,"href":"https:\/\/fspturkey.com\/en\/wp-json\/wp\/v2\/comments?post=1159"}],"wp:featuredmedia":[{"embeddable":true,"href":"https:\/\/fspturkey.com\/en\/wp-json\/wp\/v2\/media\/1157"}],"wp:attachment":[{"href":"https:\/\/fspturkey.com\/en\/wp-json\/wp\/v2\/media?parent=1159"}],"wp:term":[{"taxonomy":"product_cat","embeddable":true,"href":"https:\/\/fspturkey.com\/en\/wp-json\/wp\/v2\/product_cat?post=1159"},{"taxonomy":"product_tag","embeddable":true,"href":"https:\/\/fspturkey.com\/en\/wp-json\/wp\/v2\/product_tag?post=1159"}],"curies":[{"name":"wp","href":"https:\/\/api.w.org\/{rel}","templated":true}]}}