{"id":1156,"date":"2024-11-12T12:37:08","date_gmt":"2024-11-12T12:37:08","guid":{"rendered":"https:\/\/fspturkey.com\/urun\/webcam\/"},"modified":"2025-04-12T13:06:55","modified_gmt":"2025-04-12T13:06:55","slug":"webcam","status":"publish","type":"product","link":"https:\/\/fspturkey.com\/en\/product\/webcam\/","title":{"rendered":"WEBCAM"},"content":{"rendered":"<p><table cellspacing=\"0\" cellpadding=\"0\" width=\"454\" border=\"0\"><br \/>\n<colgroup><br \/>\n<col width=\"454\"><br \/>\n<tbody><br \/>\n<tr><br \/>\n<td class=\"xl69\" height=\"280\" width=\"454\"><font size=\"2\" face=\"Arial\">Redragon GW600 720P Web Kameras\u0131, Dahili \u00c7ift Mikrofonlu 360 Derece D\u00f6nd\u00fcrme &#8211; 2.0 USB Skype Bilgisayar Web Kameras\u0131, 20P HD \u00c7\u00f6z\u00fcn\u00fcrl\u00fck &#8211; Sabit odakl\u0131 ve \u0131\u015f\u0131k d\u00fczeltme i\u015flevli geli\u015fmi\u015f optik lens, web kameras\u0131 \u0131\u015f\u0131kta \/ karanl\u0131k ortamlar. Her \u0131\u015f\u0131k ko\u015fulunda kamerada her zaman harika ve do\u011fal g\u00f6r\u00fcneceksiniz.\u0130ki MEMS Mikrofonu &#8211; HD ses, dahili \u00e7ift MEMS mikrofonuyla da sa\u011flan\u0131r; parazit \u00f6nleyici stereo mikrofon, ileti\u015fiminizin net ve kararl\u0131 olmas\u0131n\u0131 sa\u011flar. Sesiniz net bir \u015fekilde yakalanacak ve y\u00fcz y\u00fcze bir konu\u015fma gibi iletilecektir.<br>360 Derece Esneklik &#8211; Ba\u015fkalar\u0131yla g\u00f6r\u00fcnt\u00fcl\u00fc g\u00f6r\u00fc\u015fme, konferans veya sunum yapmak i\u00e7in m\u00fckemmel a\u00e7\u0131n\u0131z\u0131 veya noktay\u0131 bulun, 90 derece dikey d\u00f6n\u00fc\u015fle 360 derece yatay d\u00f6n\u00fc\u015f, avantaj\u0131n\u0131z\u0131 g\u00f6stermeniz i\u00e7in size en iyi olas\u0131l\u0131\u011f\u0131 sunar.<br>Montaj\u0131 Kolay &#8211; D\u00f6nd\u00fcr\u00fclebilir bir klipsle, USB web kameras\u0131n\u0131 diz\u00fcst\u00fc bilgisayar, ekran vb. Herhangi bir cihaza s\u0131k\u0131ca kurabilirsiniz. Ayr\u0131ca eller + ekran oynan\u0131\u015f\u0131 gibi di\u011fer video kay\u0131t ihtiya\u00e7lar\u0131 i\u00e7in bir masaya g\u00fcvenli bir \u015fekilde yerle\u015ftirilebilir. ak\u0131\u015f vb.<br>Tak ve \u00c7al\u0131\u015ft\u0131r &#8211; Daha geni\u015f uyumluluk i\u00e7in 2.0 USB jak\u0131 ile donat\u0131lm\u0131\u015ft\u0131r. \u00c7o\u011fu i\u015fletim sisteminde sorunsuz bir \u015fekilde kullan\u0131labilir ve \u00e7ok \u00e7e\u015fitli video yaz\u0131l\u0131mlar\u0131yla uyumludur (Skype, Obs, Discord, MSN, Twitch, Youtube &#8230;)<\/font><\/td><\/tr><\/tbody><\/table><\/p>","protected":false},"excerpt":{"rendered":"<p>Redragon GW600 720P Web Kameras\u0131, Dahili \u00c7ift Mikrofonlu 360 Derece D\u00f6nd\u00fcrme &#8211; 2.0 USB Skype Bilgisayar Web Kameras\u0131, 20P HD \u00c7\u00f6z\u00fcn\u00fcrl\u00fck &#8211; Sabit odakl\u0131 ve \u0131\u015f\u0131k d\u00fczeltme i\u015flevli geli\u015fmi\u015f optik lens, web kameras\u0131 \u0131\u015f\u0131kta \/ karanl\u0131k ortamlar. Her \u0131\u015f\u0131k ko\u015fulunda kamerada her zaman harika ve do\u011fal g\u00f6r\u00fcneceksiniz.\u0130ki MEMS Mikrofonu &#8211; HD ses, dahili \u00e7ift MEMS [&hellip;]<\/p>","protected":false},"featured_media":1155,"comment_status":"open","ping_status":"closed","template":"","meta":[],"product_cat":[17],"product_tag":[103],"class_list":{"0":"post-1156","1":"product","2":"type-product","3":"status-publish","4":"has-post-thumbnail","6":"product_cat-genel","7":"product_tag-webcam","9":"first","10":"outofstock","11":"shipping-taxable","12":"purchasable","13":"product-type-simple"},"acf":[],"_links":{"self":[{"href":"https:\/\/fspturkey.com\/en\/wp-json\/wp\/v2\/product\/1156","targetHints":{"allow":["GET"]}}],"collection":[{"href":"https:\/\/fspturkey.com\/en\/wp-json\/wp\/v2\/product"}],"about":[{"href":"https:\/\/fspturkey.com\/en\/wp-json\/wp\/v2\/types\/product"}],"replies":[{"embeddable":true,"href":"https:\/\/fspturkey.com\/en\/wp-json\/wp\/v2\/comments?post=1156"}],"wp:featuredmedia":[{"embeddable":true,"href":"https:\/\/fspturkey.com\/en\/wp-json\/wp\/v2\/media\/1155"}],"wp:attachment":[{"href":"https:\/\/fspturkey.com\/en\/wp-json\/wp\/v2\/media?parent=1156"}],"wp:term":[{"taxonomy":"product_cat","embeddable":true,"href":"https:\/\/fspturkey.com\/en\/wp-json\/wp\/v2\/product_cat?post=1156"},{"taxonomy":"product_tag","embeddable":true,"href":"https:\/\/fspturkey.com\/en\/wp-json\/wp\/v2\/product_tag?post=1156"}],"curies":[{"name":"wp","href":"https:\/\/api.w.org\/{rel}","templated":true}]}}