{"id":1154,"date":"2024-11-12T12:26:03","date_gmt":"2024-11-12T12:26:03","guid":{"rendered":"https:\/\/fspturkey.com\/urun\/case\/"},"modified":"2024-11-25T13:02:15","modified_gmt":"2024-11-25T13:02:15","slug":"case","status":"publish","type":"product","link":"https:\/\/fspturkey.com\/en\/product\/case\/","title":{"rendered":"CASE"},"content":{"rendered":"<p><p align=\"center\"><span><span><span><span><span><font face=\"Gotham\"><font face=\"Gotham Rounded SSm\"><font color=\"#000000\" face=\"Gotham\"><span><span><span><span><font color=\"#000000\" size=\"4\">VENTO VG15F MID TOWER TEMPERL\u0130 CAM&nbsp;<\/font><\/span><\/span><\/span><\/span><\/font><\/font><\/font><\/span><\/span><\/span><\/span><\/span><span><span><span><span><span><font color=\"#000000\"><span><span><span><span><font color=\"#000000\" size=\"4\" face=\"Gotham\">RGB ATX GAMING KASA<\/font><\/span><\/P><br \/>\n<p align=\"center\"><\/span><\/span><\/span><\/font><\/span><\/span><\/span><\/span><\/span><span><span><span><span><span><font color=\"#000000\" face=\"Gotham\"><em>RGB Fan Ledleri \u0130le Oyunculara \u00d6zel Tasar\u0131m<br>E\u015fsiz \u015e\u0131k Metal \u00d6rg\u00fc \u00d6n Paneli<br>6 Fana Kadar Monte Edilebilir Fan<br>Tamamen \u015eeffaf Cam Yan Panel <br>Manyetik \u00dcst ve Alt Fan Filtresi<\/em><\/font><\/span><\/span><\/span><\/span><\/span><\/p><br \/>\n<p align=\"center\"><span><span><span><span><span><font color=\"#000000\">OYUNCU RUHUNU CANLANDIRAN \u00d6ZEL RGB FANLAR \u0130LE I\u015eILTILI TASARIM!<br>Vento VG15FE sahip oldu\u011fu 3x 12cm \u00f6n ve 1x 12cm arka RGB fanlar\u0131 ile hem so\u011futma ve hem de ayd\u0131nlatma performans\u0131nda en \u00fcst seviyeyi sunmaktad\u0131r. RGB fanlar ile sisteminiz tam g\u00fc\u00e7 durumundayken serin ve her daim \u0131\u015f\u0131lt\u0131l\u0131 olacak.<\/font><\/span><\/span><\/span><\/span><\/span><\/p><br \/>\n<p align=\"center\"><span><span><span><span><span><font color=\"#000000\">\u00d6ZEL \u00dcST KONTROL PANEL\u0130 \u0130LE KONTROL HER ZAMAN EL\u0130N\u0130Z\u0130N ALTINDA!<br>Vento VG15FE\u2019nin \u00fcst panelindeki ba\u011flant\u0131lar sayesinde g\u00fcncel harici cihazlar\u0131n kablolu arabirimlerine destek verir. \u00dcst panelde bulunan 1x USB3.0 ve 2x USB2.0 portlar\u0131ndan geleneksel depolama cihazlar\u0131n\u0131z\u0131 y\u00fcksek h\u0131zlarda ba\u011flayabilir, kulakl\u0131k ve mikrofon giri\u015flerini s\u00fcrekli olarak elinizin alt\u0131nda bulabilirsiniz.<\/font><\/span><\/span><\/span><\/span><\/span><\/p><br \/>\n<p align=\"center\"><span><span><span><span><span><font color=\"#000000\">GEN\u0130\u015e HAVALANDIRMA ALANLI METAL MESH \u00d6N PANEL\u0130 \u0130LE \u00dcST\u00dcN SER\u0130NL\u0130K!<br>VENTO VG15FE \u00d6n panelinde geni\u015f metal Mesh tasar\u0131m\u0131yla her zaman en iyi hava ak\u0131\u015f\u0131n\u0131 sa\u011flar.<\/font><\/span><\/span><\/span><\/span><\/span><\/p><br \/>\n<p align=\"center\"><span><span><span><span><span><font color=\"#000000\">\u015eEFFAF CAM YAN PANEL SAYES\u0130NDE S\u0130STEM\u0130N\u0130Z HER ZAMAN G\u00d6Z \u00d6N\u00dcNDE!<br>Vento VG15FE sahip oldu\u011funuz ekran kart\u0131n\u0131, \u0130\u015flemci So\u011futucunuzu, Anakart, Ram gibi de\u011ferli PC bile\u015fenlerinizi her an g\u00f6rebilmeniz i\u00e7in \u015feffaf cam yan panele sahiptir.<\/font><\/span><\/span><\/span><\/span><\/span><\/p><br \/>\n<p align=\"center\"><span><span><span><span><span><font color=\"#000000\">MANYET\u0130K \u00dcST VE ALT TOZ F\u0130LTRES\u0130<br>Vento VG15FE\u2019 nin \u00fcst ve alt panelinde m\u0131knat\u0131sl\u0131 toz filtresi bulunmaktad\u0131r. Bu sayede \u00e7evrede bulunan tozlar hi\u00e7bir \u015fekilde kasan\u0131z\u0131n \u00fcst ve alt b\u00f6l\u00fcm\u00fcnden sisteminize ula\u015famayacak.<\/font><\/span><\/span><\/span><\/span><\/span><\/p><br \/>\n<p align=\"center\"><span><span><span><span><span><\/span><\/span><\/span><\/span><\/span><span><span><span><span><span><font color=\"#000000\">KOLAY KURULUM VE YERDEN TASARRUF<br>Kasa i\u00e7i hava dola\u015f\u0131m\u0131na daha az etki etmesi i\u00e7in geli\u015ftirilen ATX yap\u0131s\u0131 disklerin, g\u00fc\u00e7 kayna\u011f\u0131n\u0131n ve kablolar\u0131n hem hava transferine hem de seyir zevkine engel olmamas\u0131 sa\u011flanm\u0131\u015f ve kolay \u015fekilde kurulum yapabilmeniz i\u00e7in tasarlanm\u0131\u015ft\u0131r.<\/font><\/span><\/span><\/span><\/span><\/span><\/p><br \/>\n<p align=\"center\"><span><span><span><span><span><font color=\"#000000\">&gt;&gt; MAKS\u0130MUM CPU SO\u011eUTUCU Y\u00dcKSEKL\u0130\u011e\u0130&nbsp;&nbsp; (160MM)<br>&gt;&gt; MAKS\u0130MUM GPU UZUNLU\u011eU&nbsp;&nbsp; (285MM)<br>&gt;&gt; MAKS\u0130MUM&nbsp; PSU UZUNLU\u011eU&nbsp;&nbsp; (150MM)<\/font><\/span><\/span><\/span><\/span><\/span><\/p><\/p>","protected":false},"excerpt":{"rendered":"<p>VENTO VG15F MID TOWER TEMPERL\u0130 CAM&nbsp;RGB ATX GAMING KASA RGB Fan Ledleri \u0130le Oyunculara \u00d6zel Tasar\u0131mE\u015fsiz \u015e\u0131k Metal \u00d6rg\u00fc \u00d6n Paneli6 Fana Kadar Monte Edilebilir FanTamamen \u015eeffaf Cam Yan Panel Manyetik \u00dcst ve Alt Fan Filtresi OYUNCU RUHUNU CANLANDIRAN \u00d6ZEL RGB FANLAR \u0130LE I\u015eILTILI TASARIM!Vento VG15FE sahip oldu\u011fu 3x 12cm \u00f6n ve 1x 12cm arka [&hellip;]<\/p>","protected":false},"featured_media":1151,"comment_status":"open","ping_status":"closed","template":"","meta":[],"product_cat":[17],"product_tag":[107],"class_list":{"0":"post-1154","1":"product","2":"type-product","3":"status-publish","4":"has-post-thumbnail","6":"product_cat-genel","7":"product_tag-case","9":"first","10":"instock","11":"shipping-taxable","12":"purchasable","13":"product-type-simple"},"acf":[],"_links":{"self":[{"href":"https:\/\/fspturkey.com\/en\/wp-json\/wp\/v2\/product\/1154","targetHints":{"allow":["GET"]}}],"collection":[{"href":"https:\/\/fspturkey.com\/en\/wp-json\/wp\/v2\/product"}],"about":[{"href":"https:\/\/fspturkey.com\/en\/wp-json\/wp\/v2\/types\/product"}],"replies":[{"embeddable":true,"href":"https:\/\/fspturkey.com\/en\/wp-json\/wp\/v2\/comments?post=1154"}],"wp:featuredmedia":[{"embeddable":true,"href":"https:\/\/fspturkey.com\/en\/wp-json\/wp\/v2\/media\/1151"}],"wp:attachment":[{"href":"https:\/\/fspturkey.com\/en\/wp-json\/wp\/v2\/media?parent=1154"}],"wp:term":[{"taxonomy":"product_cat","embeddable":true,"href":"https:\/\/fspturkey.com\/en\/wp-json\/wp\/v2\/product_cat?post=1154"},{"taxonomy":"product_tag","embeddable":true,"href":"https:\/\/fspturkey.com\/en\/wp-json\/wp\/v2\/product_tag?post=1154"}],"curies":[{"name":"wp","href":"https:\/\/api.w.org\/{rel}","templated":true}]}}